{"id":1412,"date":"2025-08-26T21:26:17","date_gmt":"2025-08-26T21:26:17","guid":{"rendered":"https:\/\/www.atobguides.com\/privacy-policy\/"},"modified":"2025-12-15T05:25:21","modified_gmt":"2025-12-15T05:25:21","slug":"politique-de-confidentialite","status":"publish","type":"page","link":"https:\/\/www.atobguides.com\/fr\/politique-de-confidentialite\/","title":{"rendered":"Politique de confidentialit\u00e9 pour AtoBGuides.com"},"content":{"rendered":"\n<p>Derni\u00e8re mise \u00e0 jour : 27 ao\u00fbt 2025<\/p>\n\n<p>La pr\u00e9sente politique de confidentialit\u00e9 explique comment nous traitons les donn\u00e9es \u00e0 caract\u00e8re personnel lorsque vous utilisez AtoBGuides.com (le \u00a0\u00bb Site web \u00ab\u00a0). Par \u00ab\u00a0donn\u00e9es personnelles\u00a0\u00bb, on entend toute information permettant de vous identifier directement ou indirectement. <\/p>\n\n<div id=\"ez-toc-container\" class=\"ez-toc-v2_0_82_2 counter-hierarchy ez-toc-counter ez-toc-grey ez-toc-container-direction\">\n<div class=\"ez-toc-title-container\">\n<p class=\"ez-toc-title\" style=\"cursor:inherit\">Table des mati\u00e8res<\/p>\n<span class=\"ez-toc-title-toggle\"><a href=\"#\" class=\"ez-toc-pull-right ez-toc-btn ez-toc-btn-xs ez-toc-btn-default ez-toc-toggle\" aria-label=\"Toggle Table of Content\"><span class=\"ez-toc-js-icon-con\"><span class=\"\"><span class=\"eztoc-hide\" style=\"display:none;\">Toggle<\/span><span class=\"ez-toc-icon-toggle-span\"><svg style=\"fill: #999;color:#999\" xmlns=\"http:\/\/www.w3.org\/2000\/svg\" class=\"list-377408\" width=\"20px\" height=\"20px\" viewBox=\"0 0 24 24\" fill=\"none\"><path d=\"M6 6H4v2h2V6zm14 0H8v2h12V6zM4 11h2v2H4v-2zm16 0H8v2h12v-2zM4 16h2v2H4v-2zm16 0H8v2h12v-2z\" fill=\"currentColor\"><\/path><\/svg><svg style=\"fill: #999;color:#999\" class=\"arrow-unsorted-368013\" xmlns=\"http:\/\/www.w3.org\/2000\/svg\" width=\"10px\" height=\"10px\" viewBox=\"0 0 24 24\" version=\"1.2\" baseProfile=\"tiny\"><path d=\"M18.2 9.3l-6.2-6.3-6.2 6.3c-.2.2-.3.4-.3.7s.1.5.3.7c.2.2.4.3.7.3h11c.3 0 .5-.1.7-.3.2-.2.3-.5.3-.7s-.1-.5-.3-.7zM5.8 14.7l6.2 6.3 6.2-6.3c.2-.2.3-.5.3-.7s-.1-.5-.3-.7c-.2-.2-.4-.3-.7-.3h-11c-.3 0-.5.1-.7.3-.2.2-.3.5-.3.7s.1.5.3.7z\"\/><\/svg><\/span><\/span><\/span><\/a><\/span><\/div>\n<nav><ul class='ez-toc-list ez-toc-list-level-1 ' ><li class='ez-toc-page-1 ez-toc-heading-level-2'><a class=\"ez-toc-link ez-toc-heading-1\" href=\"https:\/\/www.atobguides.com\/fr\/politique-de-confidentialite\/#Controleur\" >Contr\u00f4leur<\/a><\/li><li class='ez-toc-page-1 ez-toc-heading-level-2'><a class=\"ez-toc-link ez-toc-heading-2\" href=\"https:\/\/www.atobguides.com\/fr\/politique-de-confidentialite\/#Donnees_collectees_lorsque_vous_visitez_notre_site_web\" >Donn\u00e9es collect\u00e9es lorsque vous visitez notre site web<\/a><\/li><li class='ez-toc-page-1 ez-toc-heading-level-2'><a class=\"ez-toc-link ez-toc-heading-3\" href=\"https:\/\/www.atobguides.com\/fr\/politique-de-confidentialite\/#Reseau_de_diffusion_de_contenu_CDN\" >R\u00e9seau de diffusion de contenu (CDN)<\/a><\/li><li class='ez-toc-page-1 ez-toc-heading-level-2'><a class=\"ez-toc-link ez-toc-heading-4\" href=\"https:\/\/www.atobguides.com\/fr\/politique-de-confidentialite\/#Cookies_et_technologies_similaires\" >Cookies et technologies similaires<\/a><\/li><li class='ez-toc-page-1 ez-toc-heading-level-2'><a class=\"ez-toc-link ez-toc-heading-5\" href=\"https:\/\/www.atobguides.com\/fr\/politique-de-confidentialite\/#Nous_contacter\" >Nous contacter<\/a><\/li><li class='ez-toc-page-1 ez-toc-heading-level-2'><a class=\"ez-toc-link ez-toc-heading-6\" href=\"https:\/\/www.atobguides.com\/fr\/politique-de-confidentialite\/#Comptes_et_transactions_des_clients\" >Comptes et transactions des clients<\/a><\/li><li class='ez-toc-page-1 ez-toc-heading-level-2'><a class=\"ez-toc-link ez-toc-heading-7\" href=\"https:\/\/www.atobguides.com\/fr\/politique-de-confidentialite\/#Commentaires\" >Commentaires<\/a><\/li><li class='ez-toc-page-1 ez-toc-heading-level-2'><a class=\"ez-toc-link ez-toc-heading-8\" href=\"https:\/\/www.atobguides.com\/fr\/politique-de-confidentialite\/#Bulletin_dinformation\" >Bulletin d&rsquo;information<\/a><\/li><li class='ez-toc-page-1 ez-toc-heading-level-2'><a class=\"ez-toc-link ez-toc-heading-9\" href=\"https:\/\/www.atobguides.com\/fr\/politique-de-confidentialite\/#Integration_des_medias_sociaux\" >Int\u00e9gration des m\u00e9dias sociaux<\/a><\/li><li class='ez-toc-page-1 ez-toc-heading-level-2'><a class=\"ez-toc-link ez-toc-heading-10\" href=\"https:\/\/www.atobguides.com\/fr\/politique-de-confidentialite\/#Videos\" >Vid\u00e9os<\/a><\/li><li class='ez-toc-page-1 ez-toc-heading-level-2'><a class=\"ez-toc-link ez-toc-heading-11\" href=\"https:\/\/www.atobguides.com\/fr\/politique-de-confidentialite\/#Liens_daffiliation_et_partenaires\" >Liens d&rsquo;affiliation et partenaires<\/a><\/li><li class='ez-toc-page-1 ez-toc-heading-level-2'><a class=\"ez-toc-link ez-toc-heading-12\" href=\"https:\/\/www.atobguides.com\/fr\/politique-de-confidentialite\/#Partenaires_publicitaires_et_programmatiques\" >Partenaires publicitaires et programmatiques<\/a><\/li><li class='ez-toc-page-1 ez-toc-heading-level-2'><a class=\"ez-toc-link ez-toc-heading-13\" href=\"https:\/\/www.atobguides.com\/fr\/politique-de-confidentialite\/#Analyse_du_Web\" >Analyse du Web<\/a><\/li><li class='ez-toc-page-1 ez-toc-heading-level-2'><a class=\"ez-toc-link ez-toc-heading-14\" href=\"https:\/\/www.atobguides.com\/fr\/politique-de-confidentialite\/#Autres_outils\" >Autres outils<\/a><\/li><li class='ez-toc-page-1 ez-toc-heading-level-2'><a class=\"ez-toc-link ez-toc-heading-15\" href=\"https:\/\/www.atobguides.com\/fr\/politique-de-confidentialite\/#Transferts_internationaux_de_donnees\" >Transferts internationaux de donn\u00e9es<\/a><\/li><li class='ez-toc-page-1 ez-toc-heading-level-2'><a class=\"ez-toc-link ez-toc-heading-16\" href=\"https:\/\/www.atobguides.com\/fr\/politique-de-confidentialite\/#Vos_droits\" >Vos droits<\/a><\/li><li class='ez-toc-page-1 ez-toc-heading-level-2'><a class=\"ez-toc-link ez-toc-heading-17\" href=\"https:\/\/www.atobguides.com\/fr\/politique-de-confidentialite\/#Retention\" >R\u00e9tention<\/a><\/li><li class='ez-toc-page-1 ez-toc-heading-level-2'><a class=\"ez-toc-link ez-toc-heading-18\" href=\"https:\/\/www.atobguides.com\/fr\/politique-de-confidentialite\/#Enfants\" >Enfants<\/a><\/li><li class='ez-toc-page-1 ez-toc-heading-level-2'><a class=\"ez-toc-link ez-toc-heading-19\" href=\"https:\/\/www.atobguides.com\/fr\/politique-de-confidentialite\/#Modifications_de_la_presente_politique\" >Modifications de la pr\u00e9sente politique<\/a><\/li><li class='ez-toc-page-1 ez-toc-heading-level-2'><a class=\"ez-toc-link ez-toc-heading-20\" href=\"https:\/\/www.atobguides.com\/fr\/politique-de-confidentialite\/#Contact\" >Contact<\/a><\/li><\/ul><\/nav><\/div>\n<h2 class=\"wp-block-heading\"><span class=\"ez-toc-section\" id=\"Controleur\"><\/span>Contr\u00f4leur<span class=\"ez-toc-section-end\"><\/span><\/h2>\n\n<p>Tim Kroeger, Tim Kroeger Media LLC, 30 N Gould St Ste 4798, Sheridan, WY 82801, USA<br\/>Email : <a href=\"mailto:info@atobguides.com\">info@atobguides.com<\/a><\/p>\n\n<p>Notre site Internet utilise le protocole HTTPS (TLS) pour prot\u00e9ger les donn\u00e9es en transit.<\/p>\n\n<h2 class=\"wp-block-heading\"><span class=\"ez-toc-section\" id=\"Donnees_collectees_lorsque_vous_visitez_notre_site_web\"><\/span>Donn\u00e9es collect\u00e9es lorsque vous visitez notre site web<span class=\"ez-toc-section-end\"><\/span><\/h2>\n\n<p>Lorsque vous visitez le site web, notre serveur traite automatiquement des \u00ab\u00a0donn\u00e9es de journal\u00a0\u00bb :<\/p>\n\n<ul class=\"wp-block-list\">\n<li>Page\/URL visit\u00e9e et r\u00e9f\u00e9rent<\/li>\n\n\n\n<li>Date et heure d&rsquo;acc\u00e8s<\/li>\n\n\n\n<li>Quantit\u00e9 de donn\u00e9es transf\u00e9r\u00e9es<\/li>\n\n\n\n<li>Navigateur et syst\u00e8me d&rsquo;exploitation<\/li>\n\n\n\n<li>Adresse IP (\u00e9ventuellement raccourcie\/anonymis\u00e9e)<\/li>\n<\/ul>\n\n<p>Base juridique : Art. 6(1)(f) GDPR (int\u00e9r\u00eats l\u00e9gitimes dans la stabilit\u00e9, la s\u00e9curit\u00e9 et la performance). Nous pouvons examiner les journaux s&rsquo;il existe des indications concr\u00e8tes d&rsquo;utilisation ill\u00e9gale. <\/p>\n\n<h2 class=\"wp-block-heading\"><span class=\"ez-toc-section\" id=\"Reseau_de_diffusion_de_contenu_CDN\"><\/span>R\u00e9seau de diffusion de contenu (CDN)<span class=\"ez-toc-section-end\"><\/span><\/h2>\n\n<p>Nous pouvons utiliser un CDN (par exemple, Cloudflare) pour servir le contenu rapidement et en toute s\u00e9curit\u00e9. Base juridique : Art. 6(1)(f) GDPR. Les transferts internationaux, le cas \u00e9ch\u00e9ant, s&rsquo;appuient sur des garanties appropri\u00e9es telles que les clauses contractuelles types. Consultez la politique de confidentialit\u00e9 du fournisseur pour plus de d\u00e9tails.   <\/p>\n\n<h2 class=\"wp-block-heading\"><span class=\"ez-toc-section\" id=\"Cookies_et_technologies_similaires\"><\/span>Cookies et technologies similaires<span class=\"ez-toc-section-end\"><\/span><\/h2>\n\n<p>Nous utilisons des cookies et des technologies similaires pour exploiter et am\u00e9liorer le site web. Lorsque les cookies traitent des donn\u00e9es \u00e0 caract\u00e8re personnel, les bases juridiques sont l&rsquo;art. 6(1)(b) GDPR (contrat), Art. 6(1)(f) GDPR (int\u00e9r\u00eats l\u00e9gitimes), ou Art. 6(1)(a) GDPR (consentement pour les cookies non essentiels). Vous pouvez contr\u00f4ler les cookies dans les param\u00e8tres de votre navigateur ; la d\u00e9sactivation des cookies peut limiter les fonctionnalit\u00e9s.<\/p>\n\n<h2 class=\"wp-block-heading\"><span class=\"ez-toc-section\" id=\"Nous_contacter\"><\/span>Nous contacter<span class=\"ez-toc-section-end\"><\/span><\/h2>\n\n<p>Si vous nous contactez par e-mail ou via un formulaire, nous traitons les donn\u00e9es que vous nous fournissez pour r\u00e9pondre \u00e0 votre demande. Base juridique : Art. 6(1)(f) GDPR (traitement des demandes) et, le cas \u00e9ch\u00e9ant, Art. 6(1)(b) GDPR (d\u00e9marches pr\u00e9contractuelles ou contractuelles). Nous supprimons les demandes de renseignements lorsqu&rsquo;elles ne sont plus n\u00e9cessaires, \u00e0 moins que des obligations de conservation ne s&rsquo;appliquent.  <\/p>\n\n<h2 class=\"wp-block-heading\"><span class=\"ez-toc-section\" id=\"Comptes_et_transactions_des_clients\"><\/span>Comptes et transactions des clients<span class=\"ez-toc-section-end\"><\/span><\/h2>\n\n<p>Il n&rsquo;est g\u00e9n\u00e9ralement pas n\u00e9cessaire de disposer d&rsquo;un compte ou d&rsquo;un service payant. S&rsquo;ils sont propos\u00e9s \u00e0 l&rsquo;avenir, nous traiterons les donn\u00e9es n\u00e9cessaires en vertu de l&rsquo;art. 6(1)(b) GDPR et les conserverons conform\u00e9ment aux exigences l\u00e9gales. Vous pouvez demander la suppression de votre compte \u00e0 tout moment.  <\/p>\n\n<h2 class=\"wp-block-heading\"><span class=\"ez-toc-section\" id=\"Commentaires\"><\/span>Commentaires<span class=\"ez-toc-section-end\"><\/span><\/h2>\n\n<p>Si les commentaires sont activ\u00e9s, nous stockons votre commentaire, le nom choisi, l&rsquo;horodatage et l&rsquo;adresse IP afin de pr\u00e9venir les abus et les contenus illicites. Base juridique : Art. 6(1)(f) GDPR. Pour les notifications de commentaires, nous pouvons utiliser le double opt-in avec votre consentement (article 6, paragraphe 1, point a), du RGPD). Nous pouvons supprimer les contenus illicites.    <\/p>\n\n<h2 class=\"wp-block-heading\"><span class=\"ez-toc-section\" id=\"Bulletin_dinformation\"><\/span>Bulletin d&rsquo;information<span class=\"ez-toc-section-end\"><\/span><\/h2>\n\n<p>Si vous vous abonnez \u00e0 une lettre d&rsquo;information, nous traitons votre adresse \u00e9lectronique et vous envoyons des mises \u00e0 jour jusqu&rsquo;\u00e0 ce que vous vous d\u00e9sabonniez. Nous utilisons le double opt-in et pouvons travailler avec un fournisseur de services de courrier \u00e9lectronique qui collecte des mesures pseudonymes (ouvertures, clics) afin d&rsquo;am\u00e9liorer nos courriers \u00e9lectroniques. Base juridique : Art. 6(1)(a) GDPR (consentement). Vous pouvez vous d\u00e9sinscrire \u00e0 tout moment via le lien pr\u00e9sent dans chaque e-mail.   <\/p>\n\n<h2 class=\"wp-block-heading\"><span class=\"ez-toc-section\" id=\"Integration_des_medias_sociaux\"><\/span>Int\u00e9gration des m\u00e9dias sociaux<span class=\"ez-toc-section-end\"><\/span><\/h2>\n\n<p>Nos pages peuvent inclure des liens, des boutons ou du contenu int\u00e9gr\u00e9 provenant de r\u00e9seaux sociaux (par exemple, Facebook, Instagram, X\/Twitter, Pinterest). Lorsque vous interagissez avec ces fonctionnalit\u00e9s, les fournisseurs respectifs peuvent traiter les donn\u00e9es sous leur propre responsabilit\u00e9, \u00e9ventuellement en dehors de l&rsquo;UE. Veuillez consulter la politique de confidentialit\u00e9 de chaque fournisseur.  <\/p>\n\n<h2 class=\"wp-block-heading\"><span class=\"ez-toc-section\" id=\"Videos\"><\/span>Vid\u00e9os<span class=\"ez-toc-section-end\"><\/span><\/h2>\n\n<p>Nous pouvons int\u00e9grer des vid\u00e9os de YouTube (Google) ou de Vimeo. Lorsque vous visionnez une vid\u00e9o, le fournisseur peut installer des cookies et traiter les donn\u00e9es d&rsquo;utilisation \u00e0 des fins d&rsquo;analyse ou de publicit\u00e9. Si vous \u00eates connect\u00e9 \u00e0 un fournisseur, la lecture peut \u00eatre li\u00e9e \u00e0 votre compte. Base juridique : Art. 6(1)(f) GDPR et, si n\u00e9cessaire, Art. 6(1)(a) GDPR (consentement).   <\/p>\n\n<h2 class=\"wp-block-heading\"><span class=\"ez-toc-section\" id=\"Liens_daffiliation_et_partenaires\"><\/span>Liens d&rsquo;affiliation et partenaires<span class=\"ez-toc-section-end\"><\/span><\/h2>\n\n<p>Nous participons \u00e0 des programmes d&rsquo;affiliation pour recommander des services de transport et de voyage. Lorsque vous cliquez sur un lien d&rsquo;affiliation, le r\u00e9seau d&rsquo;affiliation ou le partenaire peut installer des cookies ou des technologies similaires pour attribuer les r\u00e9servations et payer notre commission. Base juridique : Art. 6(1)(f) GDPR (notre int\u00e9r\u00eat l\u00e9gitime \u00e0 exploiter un site financ\u00e9 par des affili\u00e9s). Les partenaires actuels ou potentiels comprennent Amazon, AWIN, Booking.com, GetYourGuide et Commission Junction\/Conversant. Veuillez consulter la politique de confidentialit\u00e9 de chaque partenaire pour plus de d\u00e9tails et d&rsquo;options de retrait.    <\/p>\n\n<h2 class=\"wp-block-heading\"><span class=\"ez-toc-section\" id=\"Partenaires_publicitaires_et_programmatiques\"><\/span>Partenaires publicitaires et programmatiques<span class=\"ez-toc-section-end\"><\/span><\/h2>\n\n<p>Nous pouvons travailler avec des partenaires publicitaires ou de gestion publicitaire pour afficher des publicit\u00e9s bas\u00e9es sur les centres d&rsquo;int\u00e9r\u00eat. Ces partenaires peuvent installer ou lire des cookies et collecter des donn\u00e9es relatives \u00e0 l&rsquo;appareil, \u00e0 l&rsquo;utilisation et au contexte afin de diffuser et de mesurer les publicit\u00e9s sur les sites et les appareils. Base juridique : Art. 6(1)(a) GDPR (consentement) via notre banni\u00e8re de consentement. Vous pouvez retirer votre consentement \u00e0 tout moment dans les param\u00e8tres de la banni\u00e8re.   <\/p>\n\n<h2 class=\"wp-block-heading\"><span class=\"ez-toc-section\" id=\"Analyse_du_Web\"><\/span>Analyse du Web<span class=\"ez-toc-section-end\"><\/span><\/h2>\n\n<p>Nous utilisons Google Analytics (GA4) pour comprendre l&rsquo;utilisation du site (par exemple, les pages vues, les \u00e9v\u00e9nements, les informations sur les appareils). GA4 traite les adresses IP et les \u00e9limine ou les obscurcit selon la conception de GA4. Base juridique : Art. 6(1)(a) GDPR (consentement) via notre banni\u00e8re de consentement. Vous pouvez \u00e9galement installer le module compl\u00e9mentaire de navigateur <a href=\"https:\/\/tools.google.com\/dlpage\/gaoptout\" target=\"_blank\" rel=\"noopener\">: https:\/\/tools.google.com\/dlpage\/gaoptout.<\/a>   <\/p>\n\n<h2 class=\"wp-block-heading\"><span class=\"ez-toc-section\" id=\"Autres_outils\"><\/span>Autres outils<span class=\"ez-toc-section-end\"><\/span><\/h2>\n\n<p>Google Maps : S&rsquo;il est int\u00e9gr\u00e9, Google peut traiter les donn\u00e9es d&rsquo;utilisation et installer des cookies. Base juridique : Art. 6(1)(f) GDPR et, si n\u00e9cessaire, Art. 6(1)(a) GDPR. <\/p>\n\n<p>Polices de caract\u00e8res Google : Si elles sont charg\u00e9es \u00e0 partir de Google, votre navigateur demande des actifs aux serveurs de Google et transmet des donn\u00e9es techniques. Base juridique : Art. 6(1)(f) GDPR. Nous pouvons \u00e9galement h\u00e9berger nous-m\u00eames des polices de caract\u00e8res.  <\/p>\n\n<p>WPML : Nous pouvons utiliser WPML pour le support multilingue. WPML peut installer des cookies fonctionnels pour m\u00e9moriser les choix linguistiques et indique qu&rsquo;il est con\u00e7u pour \u00eatre conforme au GDPR. <\/p>\n\n<h2 class=\"wp-block-heading\"><span class=\"ez-toc-section\" id=\"Transferts_internationaux_de_donnees\"><\/span>Transferts internationaux de donn\u00e9es<span class=\"ez-toc-section-end\"><\/span><\/h2>\n\n<p>Lorsque les fournisseurs sont situ\u00e9s en dehors de l&rsquo;UE\/EEE, les donn\u00e9es peuvent \u00eatre transf\u00e9r\u00e9es au niveau international. Nous nous appuyons sur des garanties appropri\u00e9es telles que les clauses contractuelles types ou d&rsquo;autres m\u00e9canismes l\u00e9gaux. Les d\u00e9tails sont disponibles dans la politique de confidentialit\u00e9 de chaque fournisseur.  <\/p>\n\n<h2 class=\"wp-block-heading\"><span class=\"ez-toc-section\" id=\"Vos_droits\"><\/span>Vos droits<span class=\"ez-toc-section-end\"><\/span><\/h2>\n\n<ul class=\"wp-block-list\">\n<li>Acc\u00e8s (Art. 15 GDPR)<\/li>\n\n\n\n<li>Rectification (Art. 16 GDPR)<\/li>\n\n\n\n<li>Effacement (article 17 du RGPD)<\/li>\n\n\n\n<li>Restriction (Art. 18 GDPR)<\/li>\n\n\n\n<li>Portabilit\u00e9 des donn\u00e9es (article 20 du RGPD)<\/li>\n\n\n\n<li>Objection (article 21 du RGPD), y compris au marketing direct \u00e0 tout moment<\/li>\n\n\n\n<li>Retirer son consentement \u00e0 tout moment (article 7, paragraphe 3, du RGPD) <\/li>\n\n\n\n<li>D\u00e9poser une plainte aupr\u00e8s d&rsquo;une autorit\u00e9 de contr\u00f4le (article 77 du RGPD)<\/li>\n<\/ul>\n\n<p>Si nous traitons des donn\u00e9es sur la base d&rsquo;int\u00e9r\u00eats l\u00e9gitimes, vous pouvez vous y opposer pour des raisons li\u00e9es \u00e0 votre situation particuli\u00e8re. Nous cesserons le traitement \u00e0 moins que nous ne d\u00e9montrions des motifs l\u00e9gitimes imp\u00e9rieux. Vous pouvez toujours vous opposer au traitement \u00e0 des fins de marketing direct.  <\/p>\n\n<h2 class=\"wp-block-heading\"><span class=\"ez-toc-section\" id=\"Retention\"><\/span>R\u00e9tention<span class=\"ez-toc-section-end\"><\/span><\/h2>\n\n<p>Nous ne conservons les donn\u00e9es \u00e0 caract\u00e8re personnel qu&rsquo;aussi longtemps que cela est n\u00e9cessaire aux fins d\u00e9crites ou que cela est requis par la loi. Si le traitement est bas\u00e9 sur le consentement, nous conservons les donn\u00e9es jusqu&rsquo;\u00e0 ce que vous retiriez votre consentement. Les sauvegardes et les journaux font l&rsquo;objet d&rsquo;une rotation et sont supprim\u00e9s selon des calendriers adapt\u00e9s \u00e0 la s\u00e9curit\u00e9 et \u00e0 la conformit\u00e9.  <\/p>\n\n<h2 class=\"wp-block-heading\"><span class=\"ez-toc-section\" id=\"Enfants\"><\/span>Enfants<span class=\"ez-toc-section-end\"><\/span><\/h2>\n\n<p>Le site web n&rsquo;est pas destin\u00e9 aux enfants de moins de 16 ans. Nous ne collectons pas sciemment de donn\u00e9es personnelles aupr\u00e8s d&rsquo;enfants de moins de 16 ans. Si vous pensez qu&rsquo;un enfant nous a fourni des donn\u00e9es, veuillez nous contacter pour en demander la suppression.  <\/p>\n\n<h2 class=\"wp-block-heading\"><span class=\"ez-toc-section\" id=\"Modifications_de_la_presente_politique\"><\/span>Modifications de la pr\u00e9sente politique<span class=\"ez-toc-section-end\"><\/span><\/h2>\n\n<p>Nous pouvons mettre \u00e0 jour la pr\u00e9sente politique de confidentialit\u00e9 de temps \u00e0 autre. La date de la \u00ab\u00a0derni\u00e8re mise \u00e0 jour\u00a0\u00bb indique la version la plus r\u00e9cente. Les changements significatifs seront mis en \u00e9vidence sur cette page.  <\/p>\n\n<h2 class=\"wp-block-heading\"><span class=\"ez-toc-section\" id=\"Contact\"><\/span>Contact<span class=\"ez-toc-section-end\"><\/span><\/h2>\n\n<p>Pour toute question relative \u00e0 la protection de la vie priv\u00e9e ou pour exercer vos droits :<br\/>Tim Kroeger, Tim Kroeger Media LLC, 30 N Gould St Ste 4798, Sheridan, WY 82801, USA<br\/>Email : <a href=\"mailto:info@atobguides.com\">info@atobguides.com<\/a><\/p>\n\n<p><\/p>\n","protected":false},"excerpt":{"rendered":"<p>Derni\u00e8re mise \u00e0 jour : 27 ao\u00fbt 2025 La pr\u00e9sente politique de confidentialit\u00e9 explique comment nous traitons les donn\u00e9es \u00e0 caract\u00e8re personnel lorsque vous utilisez AtoBGuides.com (le \u00a0\u00bb Site web \u00ab\u00a0). Par \u00ab\u00a0donn\u00e9es personnelles\u00a0\u00bb, on entend toute information permettant de vous identifier directement ou indirectement. Contr\u00f4leur Tim Kroeger, Tim Kroeger Media LLC, 30 N Gould&#8230;<\/p>\n","protected":false},"author":1,"featured_media":0,"parent":0,"menu_order":0,"comment_status":"closed","ping_status":"open","template":"","meta":{"_kadence_starter_templates_imported_post":false,"_kad_post_transparent":"disable","_kad_post_title":"show","_kad_post_layout":"","_kad_post_sidebar_id":"","_kad_post_content_style":"","_kad_post_vertical_padding":"hide","_kad_post_feature":"","_kad_post_feature_position":"","_kad_post_header":false,"_kad_post_footer":false,"_kad_post_classname":"","_metis_text_type":"","_metis_text_length":0,"_post_count":0,"footnotes":""},"class_list":["post-1412","page","type-page","status-publish","hentry"],"_links":{"self":[{"href":"https:\/\/www.atobguides.com\/fr\/wp-json\/wp\/v2\/pages\/1412","targetHints":{"allow":["GET"]}}],"collection":[{"href":"https:\/\/www.atobguides.com\/fr\/wp-json\/wp\/v2\/pages"}],"about":[{"href":"https:\/\/www.atobguides.com\/fr\/wp-json\/wp\/v2\/types\/page"}],"author":[{"embeddable":true,"href":"https:\/\/www.atobguides.com\/fr\/wp-json\/wp\/v2\/users\/1"}],"replies":[{"embeddable":true,"href":"https:\/\/www.atobguides.com\/fr\/wp-json\/wp\/v2\/comments?post=1412"}],"version-history":[{"count":2,"href":"https:\/\/www.atobguides.com\/fr\/wp-json\/wp\/v2\/pages\/1412\/revisions"}],"predecessor-version":[{"id":1430,"href":"https:\/\/www.atobguides.com\/fr\/wp-json\/wp\/v2\/pages\/1412\/revisions\/1430"}],"wp:attachment":[{"href":"https:\/\/www.atobguides.com\/fr\/wp-json\/wp\/v2\/media?parent=1412"}],"curies":[{"name":"wp","href":"https:\/\/api.w.org\/{rel}","templated":true}]}}