{"id":1406,"date":"2025-08-27T14:08:09","date_gmt":"2025-08-27T14:08:09","guid":{"rendered":"https:\/\/www.atobguides.com\/about\/"},"modified":"2026-03-30T02:50:06","modified_gmt":"2026-03-30T02:50:06","slug":"about","status":"publish","type":"page","link":"https:\/\/www.atobguides.com\/fr\/about\/","title":{"rendered":"Votre guide de confiance pour les transports \u00e0 travers les Am\u00e9riques et au-del\u00e0"},"content":{"rendered":"\n<p>AtoBGuides est votre ressource compl\u00e8te d&rsquo;informations sur les transports entre des destinations populaires. Nous aidons les voyageurs \u00e0 s&rsquo;y retrouver dans les options de transport complexes au Mexique, en Am\u00e9rique centrale, en Tha\u00eflande, aux \u00c9mirats arabes unis, en Europe et ailleurs, en leur fournissant des guides d\u00e9taill\u00e9s, des horaires r\u00e9els, des prix honn\u00eates et des options de r\u00e9servation directe. <\/p>\n\n\n\n<p>Fond\u00e9e en 2022, notre \u00e9quipe de sp\u00e9cialistes de la recherche sur les transports a publi\u00e9 plus de 90 guides routiers d\u00e9taill\u00e9s couvrant 6 r\u00e9gions et 5 modes de transport. Chaque guide fait l&rsquo;objet d&rsquo;une recherche ind\u00e9pendante, d&rsquo;une mise \u00e0 jour r\u00e9guli\u00e8re et d&rsquo;une r\u00e9vision par des experts du secteur. <\/p>\n\n\n\n<hr class=\"wp-block-separator has-alpha-channel-opacity\"\/>\n\n\n\n<div class=\"wp-block-columns is-layout-flex wp-container-core-columns-is-layout-a0017d07 wp-block-columns-is-layout-flex\">\n<div class=\"wp-block-column is-layout-flow wp-block-column-is-layout-flow\" style=\"padding-top:20px;padding-bottom:20px\">\n<p class=\"has-text-align-center has-text-color\" style=\"color:#2563eb;font-size:36px;font-weight:700\"><p class=\"has-text-align-center\" style=\"color:#2563eb;font-size:36px;font-weight:700\">90+<\/p><\/p>\n\n\n\n<p class=\"has-text-align-center\" style=\"font-size:14px\">Guides d&rsquo;itin\u00e9raires<\/p>\n<\/div>\n\n\n\n<div class=\"wp-block-column is-layout-flow wp-block-column-is-layout-flow\" style=\"padding-top:20px;padding-bottom:20px\">\n<p class=\"has-text-align-center has-text-color\" style=\"color:#2563eb;font-size:36px;font-weight:700\"><p class=\"has-text-align-center\" style=\"color:#2563eb;font-size:36px;font-weight:700\">6<\/p><\/p>\n\n\n\n<p class=\"has-text-align-center\" style=\"font-size:14px\">R\u00e9gions couvertes<\/p>\n<\/div>\n\n\n\n<div class=\"wp-block-column is-layout-flow wp-block-column-is-layout-flow\" style=\"padding-top:20px;padding-bottom:20px\">\n<p class=\"has-text-align-center has-text-color\" style=\"color:#2563eb;font-size:36px;font-weight:700\"><p class=\"has-text-align-center\" style=\"color:#2563eb;font-size:36px;font-weight:700\">5<\/p><\/p>\n\n\n\n<p class=\"has-text-align-center\" style=\"font-size:14px\">Modes de transport<\/p>\n<\/div>\n\n\n\n<div class=\"wp-block-column is-layout-flow wp-block-column-is-layout-flow\" style=\"padding-top:20px;padding-bottom:20px\">\n<p class=\"has-text-align-center has-text-color\" style=\"color:#2563eb;font-size:36px;font-weight:700\"><p class=\"has-text-align-center\" style=\"color:#2563eb;font-size:36px;font-weight:700\">2022<\/p><\/p>\n\n\n\n<p class=\"has-text-align-center\" style=\"font-size:14px\">Fond\u00e9e<\/p>\n<\/div>\n<\/div>\n\n\n\n<hr class=\"wp-block-separator has-alpha-channel-opacity\"\/>\n\n\n\n<h2 class=\"wp-block-heading\">Notre mission<\/h2>\n\n\n\n<p>Se rendre d&rsquo;un point A \u00e0 un point B dans un pays inconnu peut s&rsquo;av\u00e9rer stressant. Les syst\u00e8mes de transport locaux sont souvent d\u00e9routants, les informations sont dispers\u00e9es sur des forums et des articles de blog p\u00e9rim\u00e9s, et les prix varient consid\u00e9rablement d&rsquo;un op\u00e9rateur \u00e0 l&rsquo;autre. AtoBGuides existe pour r\u00e9soudre ce probl\u00e8me.  <\/p>\n\n\n\n<p>Nous pensons que chaque voyageur m\u00e9rite d&rsquo;avoir acc\u00e8s \u00e0 des informations claires, pr\u00e9cises et actualis\u00e9es sur les transports, quel que soit son budget ou son niveau d&rsquo;exp\u00e9rience. Nos guides sont r\u00e9dig\u00e9s pour vous aider \u00e0 prendre des d\u00e9cisions de voyage en toute confiance en comparant toutes les options disponibles c\u00f4te \u00e0 c\u00f4te. <\/p>\n\n\n\n<h2 class=\"wp-block-heading\">Ce que chaque guide comprend<\/h2>\n\n\n\n<div class=\"wp-block-columns is-layout-flex wp-container-core-columns-is-layout-9d6595d7 wp-block-columns-is-layout-flex\">\n<div class=\"wp-block-column is-layout-flow wp-block-column-is-layout-flow\">\n<p style=\"font-weight:700\">\ud83d\ude8c D\u00e9tails de l&rsquo;itin\u00e9raire<\/p>\n\n\n\n<p style=\"font-size:14px\">Des instructions \u00e9tape par \u00e9tape pour chaque option de transport, y compris les terminaux, les points de d\u00e9part et les informations sur les transferts.<\/p>\n<\/div>\n\n\n\n<div class=\"wp-block-column is-layout-flow wp-block-column-is-layout-flow\">\n<p style=\"font-weight:700\">\ud83d\udcb0 Tarification actuelle<\/p>\n\n\n\n<p style=\"font-size:14px\">Des prix r\u00e9guli\u00e8rement mis \u00e0 jour pour les bus, les navettes, les ferries et les transferts priv\u00e9s afin que vous puissiez planifier votre budget avec pr\u00e9cision.<\/p>\n<\/div>\n\n\n\n<div class=\"wp-block-column is-layout-flow wp-block-column-is-layout-flow\">\n<p style=\"font-weight:700\">\ud83d\udd50 Tableaux des horaires<\/p>\n\n\n\n<p style=\"font-size:14px\">Horaires de d\u00e9part, dur\u00e9e des trajets et fr\u00e9quence pour chaque op\u00e9rateur - organis\u00e9s dans des tableaux comparatifs faciles \u00e0 consulter.<\/p>\n<\/div>\n<\/div>\n\n\n\n<div class=\"wp-block-columns is-layout-flex wp-container-core-columns-is-layout-9d6595d7 wp-block-columns-is-layout-flex\">\n<div class=\"wp-block-column is-layout-flow wp-block-column-is-layout-flow\">\n<p style=\"font-weight:700\">\ud83d\udd17 R\u00e9servation directe<\/p>\n\n\n\n<p style=\"font-size:14px\">Liens vers des plateformes de r\u00e9servation fiables o\u00f9 vous pouvez r\u00e9server des billets \u00e0 l&rsquo;avance et obtenir les meilleurs prix disponibles.<\/p>\n<\/div>\n\n\n\n<div class=\"wp-block-column is-layout-flow wp-block-column-is-layout-flow\">\n<p style=\"font-weight:700\">\ud83d\udee1\ufe0f Informations sur la s\u00e9curit\u00e9<\/p>\n\n\n\n<p style=\"font-size:14px\">Des conseils pratiques de s\u00e9curit\u00e9, des astuces pour les bagages et des avertissements de voyage sp\u00e9cifiques \u00e0 chaque itin\u00e9raire et \u00e0 chaque r\u00e9gion.<\/p>\n<\/div>\n\n\n\n<div class=\"wp-block-column is-layout-flow wp-block-column-is-layout-flow\">\n<p style=\"font-weight:700\">\ud83d\udccb Revue d&rsquo;experts<\/p>\n\n\n\n<p style=\"font-size:14px\">Chaque guide est revu par un expert du secteur des transports afin d&rsquo;en garantir l&rsquo;exactitude, l&rsquo;exhaustivit\u00e9 et la fiabilit\u00e9.<\/p>\n<\/div>\n<\/div>\n\n\n\n<hr class=\"wp-block-separator has-alpha-channel-opacity\"\/>\n\n\n\n<h2 class=\"wp-block-heading\">Normes \u00e9ditoriales<\/h2>\n\n\n\n<div class=\"wp-block-columns is-layout-flex wp-container-core-columns-is-layout-9d6595d7 wp-block-columns-is-layout-flex\">\n<div class=\"wp-block-column is-layout-flow wp-block-column-is-layout-flow\">\n<h3 class=\"wp-block-heading\" style=\"font-size:18px\">M\u00e9thodologie de recherche<\/h3>\n\n\n\n<p style=\"font-size:15px\">Chaque guide commence par une recherche primaire : nous contactons les op\u00e9rateurs locaux, v\u00e9rifions les horaires directement aupr\u00e8s des compagnies de bus et des services de ferry, comparons les prix sur plusieurs plateformes de r\u00e9servation et consultons les offices de tourisme locaux. Nous utilisons les connaissances de terrain des membres de notre \u00e9quipe qui ont parcouru ces itin\u00e9raires de premi\u00e8re main. <\/p>\n<\/div>\n\n\n\n<div class=\"wp-block-column is-layout-flow wp-block-column-is-layout-flow\">\n<h3 class=\"wp-block-heading\" style=\"font-size:18px\">Fr\u00e9quence de mise \u00e0 jour<\/h3>\n\n\n\n<p style=\"font-size:15px\">Les itin\u00e9raires de transport changent fr\u00e9quemment - les prix fluctuent, de nouveaux services sont lanc\u00e9s et les horaires sont adapt\u00e9s en fonction des saisons. Nous r\u00e9visons et mettons \u00e0 jour nos guides les plus populaires tous les trimestres, et tous les guides sont v\u00e9rifi\u00e9s au moins deux fois par an. Chaque article affiche la date de sa derni\u00e8re mise \u00e0 jour afin que vous sachiez toujours si l&rsquo;information est \u00e0 jour.  <\/p>\n<\/div>\n<\/div>\n\n\n\n<hr class=\"wp-block-separator has-alpha-channel-opacity\"\/>\n\n\n\n<h2 class=\"wp-block-heading\">Comment nous gagnons de l&rsquo;argent<\/h2>\n\n\n\n<p>La transparence est importante pour nous. AtoBGuides gagne des revenus gr\u00e2ce \u00e0 des partenariats d&rsquo;affiliation avec des plateformes de r\u00e9servation de confiance. Lorsque vous r\u00e9servez un transport en passant par nos liens, nous pouvons recevoir une petite commission sans frais suppl\u00e9mentaires pour vous. Cela nous aide \u00e0 faire fonctionner le site et \u00e0 continuer \u00e0 publier des guides gratuits et d\u00e9taill\u00e9s.   <\/p>\n\n\n\n<p>Il est important de noter que les relations d&rsquo;affiliation n&rsquo;influencent jamais nos recommandations. Nous pr\u00e9sentons toutes les options disponibles - y compris celles qui ne nous rapportent rien - afin que vous puissiez faire le meilleur choix pour votre voyage. Notre contenu \u00e9ditorial est toujours ind\u00e9pendant de nos relations commerciales.  <\/p>\n\n\n\n<hr class=\"wp-block-separator has-alpha-channel-opacity\"\/>\n\n\n\n<h2 class=\"wp-block-heading\">Rencontrez l&rsquo;\u00e9quipe<\/h2>\n\n\n\n<div class=\"wp-block-columns is-layout-flex wp-container-core-columns-is-layout-a0017d07 wp-block-columns-is-layout-flex\">\n<div class=\"wp-block-column is-layout-flow wp-block-column-is-layout-flow\">\n<figure class=\"wp-block-image aligncenter is-resized\" style=\"border-radius:100%\"><img decoding=\"async\" src=\"https:\/\/www.atobguides.com\/wp-content\/uploads\/2025\/12\/Tim-Kroeger-founder-of-Universal-Traveller-is-a-Luxury-Travel-Specialist-who-helps-luxury-hotels-grow-their-visibility-and-attract-premium-travelers.-He-shares-insights-into-hospitality-and-digi-1.png\" alt=\"Tim Kroeger\" style=\"border-radius:100%;width:150px;height:150px;object-fit:cover\"\/><\/figure>\n\n\n\n<h3 class=\"wp-block-heading has-text-align-center\" style=\"font-size:20px\">Tim Kroeger<\/h3>\n\n\n\n<p class=\"has-text-align-center has-text-color\" style=\"color:#6b7280;font-size:14px\"><p class=\"has-text-align-center\" style=\"color:#6b7280;font-size:14px\"><em>Fondateur et sp\u00e9cialiste de la logistique des voyages<\/em><\/p><\/p>\n\n\n\n<p class=\"has-text-align-center\" style=\"font-size:14px\">Tim a fond\u00e9 AtoBGuides pour r\u00e9soudre le probl\u00e8me qu&rsquo;il a rencontr\u00e9 \u00e0 plusieurs reprises au cours de ses propres voyages : trouver des informations fiables sur les transports. Fort de son exp\u00e9rience dans plus de 50 pays, il s&rsquo;est sp\u00e9cialis\u00e9 dans la recherche des moyens de transport les plus efficaces et les plus abordables pour les voyageurs. <\/p>\n<\/div>\n\n\n\n<div class=\"wp-block-column is-layout-flow wp-block-column-is-layout-flow\">\n<figure class=\"wp-block-image aligncenter is-resized\" style=\"border-radius:100%\"><img decoding=\"async\" src=\"https:\/\/www.atobguides.com\/wp-content\/uploads\/2025\/08\/Jean-Najera-Travel-Expert-specializing-in-transportation-Universal-Traveller-1.png\" alt=\"Jean N&#xE1;jera\" style=\"border-radius:100%;width:150px;height:150px;object-fit:cover\"\/><\/figure>\n\n\n\n<h3 class=\"wp-block-heading has-text-align-center\" style=\"font-size:20px\">Jean N\u00e1jera<\/h3>\n\n\n\n<p class=\"has-text-align-center has-text-color\" style=\"color:#6b7280;font-size:14px\"><p class=\"has-text-align-center\" style=\"color:#6b7280;font-size:14px\"><em>Expert et r\u00e9viseur du secteur des transports<\/em><\/p><\/p>\n\n\n\n<p class=\"has-text-align-center\" style=\"font-size:14px\">Jean poss\u00e8de une grande expertise des r\u00e9seaux de transport du Mexique et de l&rsquo;Am\u00e9rique centrale. En tant que r\u00e9viseur principal, il v\u00e9rifie l&rsquo;exactitude de chaque guide d&rsquo;itin\u00e9raire, s&rsquo;assurant que les horaires, les prix et les d\u00e9tails sur les op\u00e9rateurs sont corrects avant la publication. Sa connaissance sur le terrain des op\u00e9rateurs de bus tels que ADO, ETN et Primera Plus est inestimable.  <\/p>\n<\/div>\n\n\n\n<div class=\"wp-block-column is-layout-flow wp-block-column-is-layout-flow\">\n<figure class=\"wp-block-image aligncenter is-resized\" style=\"border-radius:100%\"><img decoding=\"async\" src=\"https:\/\/www.atobguides.com\/wp-content\/uploads\/2025\/08\/AnaMarija-Mishachkovska.jpeg\" alt=\"AnaMarija Mishachkovska\" style=\"border-radius:100%;width:150px;height:150px;object-fit:cover\"\/><\/figure>\n\n\n\n<h3 class=\"wp-block-heading has-text-align-center\" style=\"font-size:20px\">AnaMarija Mishachkovska<\/h3>\n\n\n\n<p class=\"has-text-align-center has-text-color\" style=\"color:#6b7280;font-size:14px\"><p class=\"has-text-align-center\" style=\"color:#6b7280;font-size:14px\"><em>Analyste de recherche d&rsquo;itin\u00e9raires<\/em><\/p><\/p>\n\n\n\n<p class=\"has-text-align-center\" style=\"font-size:14px\">AnaMarija est notre analyste de recherche d&rsquo;itin\u00e9raires qui compile et v\u00e9rifie les donn\u00e9es sur les horaires, les informations tarifaires et les d\u00e9tails sur les op\u00e9rateurs pour chaque guide. Elle est sp\u00e9cialis\u00e9e dans les syst\u00e8mes de transport en commun d&rsquo;Europe et d&rsquo;Asie du Sud-Est, et plus particuli\u00e8rement dans les liaisons transfrontali\u00e8res par bus et par train. <\/p>\n<\/div>\n<\/div>\n\n\n\n<hr class=\"wp-block-separator has-alpha-channel-opacity\"\/>\n\n\n\n<h2 class=\"wp-block-heading\">Les r\u00e9gions que nous couvrons<\/h2>\n\n\n\n<div class=\"wp-block-columns is-layout-flex wp-container-core-columns-is-layout-9d6595d7 wp-block-columns-is-layout-flex\">\n<div class=\"wp-block-column is-layout-flow wp-block-column-is-layout-flow\">\n<p style=\"font-weight:700\">\ud83c\uddf2\ud83c\uddfd Mexique<\/p>\n\n\n\n<p style=\"font-size:14px\">Cancun, Playa del Carmen, Tulum, Merida, Oaxaca, et plus encore. Couvre les bus ADO, les colectivos, les navettes et les ferries. <\/p>\n<\/div>\n\n\n\n<div class=\"wp-block-column is-layout-flow wp-block-column-is-layout-flow\">\n<p style=\"font-weight:700\">\ud83c\uddea\ud83c\uddfa Europe<\/p>\n\n\n\n<p style=\"font-size:14px\">Paris, Amsterdam et les principales liaisons europ\u00e9ennes par train, bus et compagnies a\u00e9riennes \u00e0 bas prix.<\/p>\n<\/div>\n\n\n\n<div class=\"wp-block-column is-layout-flow wp-block-column-is-layout-flow\">\n<p style=\"font-weight:700\">\ud83c\uddf9\ud83c\udded Tha\u00eflande<\/p>\n\n\n\n<p style=\"font-size:14px\">Bangkok, Phuket, Koh Samui et liaisons avec les \u00eeles par bus, trains, ferries et vols.<\/p>\n<\/div>\n<\/div>\n\n\n\n<div class=\"wp-block-columns is-layout-flex wp-container-core-columns-is-layout-9d6595d7 wp-block-columns-is-layout-flex\">\n<div class=\"wp-block-column is-layout-flow wp-block-column-is-layout-flow\">\n<p style=\"font-weight:700\">\ud83c\udde6\ud83c\uddea \u00c9mirats arabes unis<\/p>\n\n\n\n<p style=\"font-size:14px\">Liaisons avec Duba\u00ef, Abu Dhabi et Sharjah par m\u00e9tro, bus et taxis.<\/p>\n<\/div>\n\n\n\n<div class=\"wp-block-column is-layout-flow wp-block-column-is-layout-flow\">\n<p style=\"font-weight:700\">\ud83c\udde7\ud83c\uddff Am\u00e9rique centrale<\/p>\n\n\n\n<p style=\"font-size:14px\">Belize, Guatemala et connexions transfrontali\u00e8res dans la r\u00e9gion.<\/p>\n<\/div>\n\n\n\n<div class=\"wp-block-column is-layout-flow wp-block-column-is-layout-flow\">\n<p style=\"font-weight:700\">\ud83c\uddf3\ud83c\uddff Nouvelle-Z\u00e9lande et autres<\/p>\n\n\n\n<p style=\"font-size:14px\">Guides de voyage et de d\u00e9couverte pour des destinations populaires dans le monde entier.<\/p>\n<\/div>\n<\/div>\n\n\n\n<hr class=\"wp-block-separator has-alpha-channel-opacity\"\/>\n\n\n\n<h2 class=\"wp-block-heading\">Prends contact avec nous<\/h2>\n\n\n\n<p>Vous avez une question sur un itin\u00e9raire ? Vous avez trouv\u00e9 des informations obsol\u00e8tes dans l&rsquo;un de nos guides ? Votre avis nous int\u00e9resse. Contactez-nous par le biais de notre <a href=\"https:\/\/www.atobguides.com\/fr\/contactez-atobguides\/\">page de contact<\/a> et nous vous r\u00e9pondrons dans les plus brefs d\u00e9lais.   <\/p>\n\n\n\n<p>Si vous \u00eates un op\u00e9rateur de transport et que vous souhaitez mettre \u00e0 jour votre liste ou nous fournir des horaires actuels, n&rsquo;h\u00e9sitez pas \u00e0 nous contacter. Des informations exactes profitent \u00e0 tous. <\/p>\n","protected":false},"excerpt":{"rendered":"<p>AtoBGuides est votre ressource compl\u00e8te d&rsquo;informations sur les transports entre des destinations populaires. Nous aidons les voyageurs \u00e0 s&rsquo;y retrouver dans les options de transport complexes au Mexique, en Am\u00e9rique centrale, en Tha\u00eflande, aux \u00c9mirats arabes unis, en Europe et ailleurs, en leur fournissant des guides d\u00e9taill\u00e9s, des horaires r\u00e9els, des prix honn\u00eates et des&#8230;<\/p>\n","protected":false},"author":1,"featured_media":0,"parent":0,"menu_order":0,"comment_status":"closed","ping_status":"closed","template":"","meta":{"_kadence_starter_templates_imported_post":false,"_kad_post_transparent":"disable","_kad_post_title":"show","_kad_post_layout":"","_kad_post_sidebar_id":"","_kad_post_content_style":"","_kad_post_vertical_padding":"hide","_kad_post_feature":"","_kad_post_feature_position":"","_kad_post_header":false,"_kad_post_footer":false,"_kad_post_classname":"","_metis_text_type":"standard","_metis_text_length":6884,"_post_count":0,"footnotes":""},"class_list":["post-1406","page","type-page","status-publish","hentry"],"public_identification_id":"e0b86ec8d2e9446fa1f594fb3d744fb6","private_identification_id":"52fb034c26074d9888b58ddb72256ed6","_links":{"self":[{"href":"https:\/\/www.atobguides.com\/fr\/wp-json\/wp\/v2\/pages\/1406","targetHints":{"allow":["GET"]}}],"collection":[{"href":"https:\/\/www.atobguides.com\/fr\/wp-json\/wp\/v2\/pages"}],"about":[{"href":"https:\/\/www.atobguides.com\/fr\/wp-json\/wp\/v2\/types\/page"}],"author":[{"embeddable":true,"href":"https:\/\/www.atobguides.com\/fr\/wp-json\/wp\/v2\/users\/1"}],"replies":[{"embeddable":true,"href":"https:\/\/www.atobguides.com\/fr\/wp-json\/wp\/v2\/comments?post=1406"}],"version-history":[{"count":4,"href":"https:\/\/www.atobguides.com\/fr\/wp-json\/wp\/v2\/pages\/1406\/revisions"}],"predecessor-version":[{"id":3233,"href":"https:\/\/www.atobguides.com\/fr\/wp-json\/wp\/v2\/pages\/1406\/revisions\/3233"}],"wp:attachment":[{"href":"https:\/\/www.atobguides.com\/fr\/wp-json\/wp\/v2\/media?parent=1406"}],"curies":[{"name":"wp","href":"https:\/\/api.w.org\/{rel}","templated":true}]}}