{"id":1104,"date":"2025-08-27T14:08:09","date_gmt":"2025-08-27T14:08:09","guid":{"rendered":"https:\/\/www.atobguides.com\/about\/"},"modified":"2026-03-30T02:50:04","modified_gmt":"2026-03-30T02:50:04","slug":"about","status":"publish","type":"page","link":"https:\/\/www.atobguides.com\/es\/about\/","title":{"rendered":"Tu gu\u00eda de confianza para el transporte en toda Am\u00e9rica y m\u00e1s all\u00e1"},"content":{"rendered":"\n<p>AtoBGuides es tu recurso integral de informaci\u00f3n sobre transporte entre destinos populares. Ayudamos a los viajeros a navegar por complejas opciones de tr\u00e1nsito en M\u00e9xico, Am\u00e9rica Central, Tailandia, los EAU, Europa y m\u00e1s all\u00e1, proporcionando gu\u00edas de rutas detalladas, horarios reales, precios honestos y opciones de reserva directa. <\/p>\n\n\n\n<p>Fundado en 2022, nuestro equipo de especialistas en investigaci\u00f3n sobre transporte ha publicado m\u00e1s de 90 gu\u00edas de rutas en profundidad que abarcan 6 regiones y 5 modos de transporte. Cada gu\u00eda se investiga de forma independiente, se actualiza peri\u00f3dicamente y es revisada por expertos del sector. <\/p>\n\n\n\n<hr class=\"wp-block-separator has-alpha-channel-opacity\"\/>\n\n\n\n<div class=\"wp-block-columns is-layout-flex wp-container-core-columns-is-layout-a0017d07 wp-block-columns-is-layout-flex\">\n<div class=\"wp-block-column is-layout-flow wp-block-column-is-layout-flow\" style=\"padding-top:20px;padding-bottom:20px\">\n<p class=\"has-text-align-center has-text-color\" style=\"color:#2563eb;font-size:36px;font-weight:700\"><p class=\"has-text-align-center\" style=\"color:#2563eb;font-size:36px;font-weight:700\">90+<\/p><\/p>\n\n\n\n<p class=\"has-text-align-center\" style=\"font-size:14px\">Gu\u00edas de rutas<\/p>\n<\/div>\n\n\n\n<div class=\"wp-block-column is-layout-flow wp-block-column-is-layout-flow\" style=\"padding-top:20px;padding-bottom:20px\">\n<p class=\"has-text-align-center has-text-color\" style=\"color:#2563eb;font-size:36px;font-weight:700\"><p class=\"has-text-align-center\" style=\"color:#2563eb;font-size:36px;font-weight:700\">6<\/p><\/p>\n\n\n\n<p class=\"has-text-align-center\" style=\"font-size:14px\">Regiones cubiertas<\/p>\n<\/div>\n\n\n\n<div class=\"wp-block-column is-layout-flow wp-block-column-is-layout-flow\" style=\"padding-top:20px;padding-bottom:20px\">\n<p class=\"has-text-align-center has-text-color\" style=\"color:#2563eb;font-size:36px;font-weight:700\"><p class=\"has-text-align-center\" style=\"color:#2563eb;font-size:36px;font-weight:700\">5<\/p><\/p>\n\n\n\n<p class=\"has-text-align-center\" style=\"font-size:14px\">Modos de transporte<\/p>\n<\/div>\n\n\n\n<div class=\"wp-block-column is-layout-flow wp-block-column-is-layout-flow\" style=\"padding-top:20px;padding-bottom:20px\">\n<p class=\"has-text-align-center has-text-color\" style=\"color:#2563eb;font-size:36px;font-weight:700\"><p class=\"has-text-align-center\" style=\"color:#2563eb;font-size:36px;font-weight:700\">2022<\/p><\/p>\n\n\n\n<p class=\"has-text-align-center\" style=\"font-size:14px\">Fundada<\/p>\n<\/div>\n<\/div>\n\n\n\n<hr class=\"wp-block-separator has-alpha-channel-opacity\"\/>\n\n\n\n<h2 class=\"wp-block-heading\">Nuestra misi\u00f3n<\/h2>\n\n\n\n<p>Ir de A a B en pa\u00edses desconocidos puede ser estresante. Los sistemas de transporte locales suelen ser confusos, la informaci\u00f3n est\u00e1 dispersa en foros y entradas de blog obsoletas, y los precios var\u00edan mucho de un operador a otro. AtoBGuides existe para resolver este problema.  <\/p>\n\n\n\n<p>Creemos que todo viajero merece tener acceso a informaci\u00f3n clara, precisa y actualizada sobre el transporte, independientemente de su presupuesto o nivel de experiencia. Nuestras gu\u00edas est\u00e1n escritas para ayudarte a tomar decisiones de viaje con confianza, comparando todas las opciones disponibles. <\/p>\n\n\n\n<h2 class=\"wp-block-heading\">Qu\u00e9 incluye cada Gu\u00eda<\/h2>\n\n\n\n<div class=\"wp-block-columns is-layout-flex wp-container-core-columns-is-layout-9d6595d7 wp-block-columns-is-layout-flex\">\n<div class=\"wp-block-column is-layout-flow wp-block-column-is-layout-flow\">\n<p style=\"font-weight:700\">\ud83d\ude8c Detalles de la ruta<\/p>\n\n\n\n<p style=\"font-size:14px\">Instrucciones paso a paso para cada opci\u00f3n de transporte, incluyendo terminales, puntos de partida e informaci\u00f3n sobre transbordos.<\/p>\n<\/div>\n\n\n\n<div class=\"wp-block-column is-layout-flow wp-block-column-is-layout-flow\">\n<p style=\"font-weight:700\">\ud83d\udcb0 Precios actuales<\/p>\n\n\n\n<p style=\"font-size:14px\">Precios actualizados regularmente de autobuses, lanzaderas, transbordadores y traslados privados para que puedas planificar tu presupuesto con precisi\u00f3n.<\/p>\n<\/div>\n\n\n\n<div class=\"wp-block-column is-layout-flow wp-block-column-is-layout-flow\">\n<p style=\"font-weight:700\">\ud83d\udd50 Tablas de horarios<\/p>\n\n\n\n<p style=\"font-size:14px\">Horarios de salida, duraci\u00f3n del viaje y frecuencia de cada operador, organizados en tablas comparativas f\u00e1ciles de consultar.<\/p>\n<\/div>\n<\/div>\n\n\n\n<div class=\"wp-block-columns is-layout-flex wp-container-core-columns-is-layout-9d6595d7 wp-block-columns-is-layout-flex\">\n<div class=\"wp-block-column is-layout-flow wp-block-column-is-layout-flow\">\n<p style=\"font-weight:700\">\ud83d\udd17 Reserva directa<\/p>\n\n\n\n<p style=\"font-size:14px\">Enlaces a plataformas de reserva de confianza donde puedes reservar billetes con antelaci\u00f3n y asegurarte los mejores precios disponibles.<\/p>\n<\/div>\n\n\n\n<div class=\"wp-block-column is-layout-flow wp-block-column-is-layout-flow\">\n<p style=\"font-weight:700\">\ud83d\udee1\ufe0f Informaci\u00f3n de seguridad<\/p>\n\n\n\n<p style=\"font-size:14px\">Consejos pr\u00e1cticos de seguridad, sugerencias para el equipaje y advertencias de viaje espec\u00edficas para cada ruta y regi\u00f3n.<\/p>\n<\/div>\n\n\n\n<div class=\"wp-block-column is-layout-flow wp-block-column-is-layout-flow\">\n<p style=\"font-weight:700\">\ud83d\udccb Revisi\u00f3n de expertos<\/p>\n\n\n\n<p style=\"font-size:14px\">Cada gu\u00eda es revisada por un experto de la industria del transporte para garantizar su exactitud, integridad y fiabilidad.<\/p>\n<\/div>\n<\/div>\n\n\n\n<hr class=\"wp-block-separator has-alpha-channel-opacity\"\/>\n\n\n\n<h2 class=\"wp-block-heading\">Normas editoriales<\/h2>\n\n\n\n<div class=\"wp-block-columns is-layout-flex wp-container-core-columns-is-layout-9d6595d7 wp-block-columns-is-layout-flex\">\n<div class=\"wp-block-column is-layout-flow wp-block-column-is-layout-flow\">\n<h3 class=\"wp-block-heading\" style=\"font-size:18px\">Metodolog\u00eda de la investigaci\u00f3n<\/h3>\n\n\n\n<p style=\"font-size:15px\">Cada gu\u00eda comienza con una investigaci\u00f3n primaria: nos ponemos en contacto con los operadores locales, verificamos los horarios directamente con las compa\u00f1\u00edas de autobuses y los servicios de transbordador, comparamos los precios en m\u00faltiples plataformas de reserva y consultamos a las oficinas de turismo locales. Utilizamos los conocimientos sobre el terreno de los miembros de nuestro equipo que han recorrido estas rutas de primera mano. <\/p>\n<\/div>\n\n\n\n<div class=\"wp-block-column is-layout-flow wp-block-column-is-layout-flow\">\n<h3 class=\"wp-block-heading\" style=\"font-size:18px\">Frecuencia de actualizaci\u00f3n<\/h3>\n\n\n\n<p style=\"font-size:15px\">Las rutas de transporte cambian con frecuencia: los precios fluct\u00faan, se lanzan nuevos servicios y los horarios se ajustan estacionalmente. Revisamos y actualizamos nuestras gu\u00edas m\u00e1s populares trimestralmente, y todas las gu\u00edas se verifican al menos dos veces al a\u00f1o. Cada art\u00edculo muestra su \u00faltima fecha de actualizaci\u00f3n para que siempre sepas lo actualizada que est\u00e1 la informaci\u00f3n.  <\/p>\n<\/div>\n<\/div>\n\n\n\n<hr class=\"wp-block-separator has-alpha-channel-opacity\"\/>\n\n\n\n<h2 class=\"wp-block-heading\">C\u00f3mo ganamos dinero<\/h2>\n\n\n\n<p>La transparencia nos importa. AtoBGuides obtiene ingresos a trav\u00e9s de asociaciones de afiliados con plataformas de reservas de confianza. Cuando reservas transporte a trav\u00e9s de nuestros enlaces, podemos recibir una peque\u00f1a comisi\u00f3n sin coste adicional para ti. Esto nos ayuda a mantener el sitio en funcionamiento y a seguir publicando gu\u00edas detalladas y gratuitas.   <\/p>\n\n\n\n<p>Es importante destacar que las relaciones de afiliaci\u00f3n nunca influyen en nuestras recomendaciones. Presentamos todas las opciones disponibles -incluidas aquellas por las que no ganamos- para que puedas tomar la mejor decisi\u00f3n para tu viaje. Nuestro contenido editorial es siempre independiente de nuestras relaciones comerciales.  <\/p>\n\n\n\n<hr class=\"wp-block-separator has-alpha-channel-opacity\"\/>\n\n\n\n<h2 class=\"wp-block-heading\">Conoce al equipo<\/h2>\n\n\n\n<div class=\"wp-block-columns is-layout-flex wp-container-core-columns-is-layout-a0017d07 wp-block-columns-is-layout-flex\">\n<div class=\"wp-block-column is-layout-flow wp-block-column-is-layout-flow\">\n<figure class=\"wp-block-image aligncenter is-resized\" style=\"border-radius:100%\"><img decoding=\"async\" src=\"https:\/\/www.atobguides.com\/wp-content\/uploads\/2025\/12\/Tim-Kroeger-founder-of-Universal-Traveller-is-a-Luxury-Travel-Specialist-who-helps-luxury-hotels-grow-their-visibility-and-attract-premium-travelers.-He-shares-insights-into-hospitality-and-digi-1.png\" alt=\"Tim Kroeger\" style=\"border-radius:100%;width:150px;height:150px;object-fit:cover\"\/><\/figure>\n\n\n\n<h3 class=\"wp-block-heading has-text-align-center\" style=\"font-size:20px\">Tim Kroeger<\/h3>\n\n\n\n<p class=\"has-text-align-center has-text-color\" style=\"color:#6b7280;font-size:14px\"><p class=\"has-text-align-center\" style=\"color:#6b7280;font-size:14px\"><em>Fundador y Especialista en Log\u00edstica de Viajes<\/em><\/p><\/p>\n\n\n\n<p class=\"has-text-align-center\" style=\"font-size:14px\">Tim fund\u00f3 AtoBGuides para resolver el problema que encontr\u00f3 repetidamente durante sus viajes: encontrar informaci\u00f3n fiable sobre el transporte. Con experiencia en m\u00e1s de 50 pa\u00edses, est\u00e1 especializado en descubrir las opciones de transporte m\u00e1s eficientes y asequibles para los viajeros. <\/p>\n<\/div>\n\n\n\n<div class=\"wp-block-column is-layout-flow wp-block-column-is-layout-flow\">\n<figure class=\"wp-block-image aligncenter is-resized\" style=\"border-radius:100%\"><img decoding=\"async\" src=\"https:\/\/www.atobguides.com\/wp-content\/uploads\/2025\/08\/Jean-Najera-Travel-Expert-specializing-in-transportation-Universal-Traveller-1.png\" alt=\"Jean N&#xE1;jera\" style=\"border-radius:100%;width:150px;height:150px;object-fit:cover\"\/><\/figure>\n\n\n\n<h3 class=\"wp-block-heading has-text-align-center\" style=\"font-size:20px\">Jean N\u00e1jera<\/h3>\n\n\n\n<p class=\"has-text-align-center has-text-color\" style=\"color:#6b7280;font-size:14px\"><p class=\"has-text-align-center\" style=\"color:#6b7280;font-size:14px\"><em>Experto y revisor de la industria del transporte<\/em><\/p><\/p>\n\n\n\n<p class=\"has-text-align-center\" style=\"font-size:14px\">Jean aporta una profunda experiencia en las redes de transporte de M\u00e9xico y Centroam\u00e9rica. Como revisor principal, verifica la exactitud de todas las gu\u00edas de rutas, asegur\u00e1ndose de que los horarios, precios y datos de los operadores son correctos antes de su publicaci\u00f3n. Su conocimiento sobre el terreno de operadores de autobuses como ADO, ETN y Primera Plus es inestimable.  <\/p>\n<\/div>\n\n\n\n<div class=\"wp-block-column is-layout-flow wp-block-column-is-layout-flow\">\n<figure class=\"wp-block-image aligncenter is-resized\" style=\"border-radius:100%\"><img decoding=\"async\" src=\"https:\/\/www.atobguides.com\/wp-content\/uploads\/2025\/08\/AnaMarija-Mishachkovska.jpeg\" alt=\"AnaMarija Mishachkovska\" style=\"border-radius:100%;width:150px;height:150px;object-fit:cover\"\/><\/figure>\n\n\n\n<h3 class=\"wp-block-heading has-text-align-center\" style=\"font-size:20px\">AnaMarija Mishachkovska<\/h3>\n\n\n\n<p class=\"has-text-align-center has-text-color\" style=\"color:#6b7280;font-size:14px\"><p class=\"has-text-align-center\" style=\"color:#6b7280;font-size:14px\"><em>Analista de Investigaci\u00f3n de Rutas<\/em><\/p><\/p>\n\n\n\n<p class=\"has-text-align-center\" style=\"font-size:14px\">AnaMarija es nuestra detallista analista de investigaci\u00f3n de rutas, que recopila y verifica los datos de horarios, precios y operadores de cada gu\u00eda. Est\u00e1 especializada en sistemas de tr\u00e1nsito europeos y del sudeste asi\u00e1tico, con especial experiencia en conexiones transfronterizas de autob\u00fas y ferrocarril. <\/p>\n<\/div>\n<\/div>\n\n\n\n<hr class=\"wp-block-separator has-alpha-channel-opacity\"\/>\n\n\n\n<h2 class=\"wp-block-heading\">Regiones que cubrimos<\/h2>\n\n\n\n<div class=\"wp-block-columns is-layout-flex wp-container-core-columns-is-layout-9d6595d7 wp-block-columns-is-layout-flex\">\n<div class=\"wp-block-column is-layout-flow wp-block-column-is-layout-flow\">\n<p style=\"font-weight:700\">\ud83c\uddf2\ud83c\uddfd M\u00e9xico<\/p>\n\n\n\n<p style=\"font-size:14px\">Canc\u00fan, Playa del Carmen, Tulum, M\u00e9rida, Oaxaca y m\u00e1s. Cubre autobuses ADO, colectivos, lanzaderas y transbordadores. <\/p>\n<\/div>\n\n\n\n<div class=\"wp-block-column is-layout-flow wp-block-column-is-layout-flow\">\n<p style=\"font-weight:700\">\ud83c\uddea\ud83c\uddfa Europa<\/p>\n\n\n\n<p style=\"font-size:14px\">Par\u00eds, \u00c1msterdam y las principales conexiones europeas mediante trenes, autobuses y compa\u00f1\u00edas a\u00e9reas de bajo coste.<\/p>\n<\/div>\n\n\n\n<div class=\"wp-block-column is-layout-flow wp-block-column-is-layout-flow\">\n<p style=\"font-weight:700\">\ud83c\uddf9\ud83c\udded Tailandia<\/p>\n\n\n\n<p style=\"font-size:14px\">Bangkok, Phuket, Koh Samui y conexiones con las islas mediante autobuses, trenes, transbordadores y vuelos.<\/p>\n<\/div>\n<\/div>\n\n\n\n<div class=\"wp-block-columns is-layout-flex wp-container-core-columns-is-layout-9d6595d7 wp-block-columns-is-layout-flex\">\n<div class=\"wp-block-column is-layout-flow wp-block-column-is-layout-flow\">\n<p style=\"font-weight:700\">\ud83c\udde6\ud83c\uddea Emiratos \u00c1rabes Unidos<\/p>\n\n\n\n<p style=\"font-size:14px\">Conexiones con Dubai, Abu Dhabi y Sharjah mediante metro, autobuses y taxis.<\/p>\n<\/div>\n\n\n\n<div class=\"wp-block-column is-layout-flow wp-block-column-is-layout-flow\">\n<p style=\"font-weight:700\">\ud83c\udde7\ud83c\uddff Am\u00e9rica Central<\/p>\n\n\n\n<p style=\"font-size:14px\">Belice, Guatemala y conexiones transfronterizas a trav\u00e9s de la regi\u00f3n.<\/p>\n<\/div>\n\n\n\n<div class=\"wp-block-column is-layout-flow wp-block-column-is-layout-flow\">\n<p style=\"font-weight:700\">\ud83c\uddf3\ud83c\uddff Nueva Zelanda y m\u00e1s<\/p>\n\n\n\n<p style=\"font-size:14px\">Gu\u00edas de viajes por carretera, gu\u00edas para moverse por destinos populares de todo el mundo.<\/p>\n<\/div>\n<\/div>\n\n\n\n<hr class=\"wp-block-separator has-alpha-channel-opacity\"\/>\n\n\n\n<h2 class=\"wp-block-heading\">Ponte en contacto<\/h2>\n\n\n\n<p>\u00bfTienes alguna pregunta sobre una ruta? \u00bfHas encontrado informaci\u00f3n obsoleta en alguna de nuestras gu\u00edas? Queremos saber de ti. Ponte en <a href=\"https:\/\/www.atobguides.com\/es\/contact\/\">contacto con nosotros a trav\u00e9s de nuestra p\u00e1gina de contacto<\/a> y nos pondremos en contacto contigo lo antes posible.   <\/p>\n\n\n\n<p>Si eres un operador de transporte y quieres actualizar tu listado o facilitarnos los horarios actuales, no dudes en ponerte en contacto con nosotros. La informaci\u00f3n precisa beneficia a todos. <\/p>\n","protected":false},"excerpt":{"rendered":"<p>AtoBGuides es tu recurso integral de informaci\u00f3n sobre transporte entre destinos populares. Ayudamos a los viajeros a navegar por complejas opciones de tr\u00e1nsito en M\u00e9xico, Am\u00e9rica Central, Tailandia, los EAU, Europa y m\u00e1s all\u00e1, proporcionando gu\u00edas de rutas detalladas, horarios reales, precios honestos y opciones de reserva directa. Fundado en 2022, nuestro equipo de especialistas&#8230;<\/p>\n","protected":false},"author":1,"featured_media":0,"parent":0,"menu_order":0,"comment_status":"closed","ping_status":"closed","template":"","meta":{"_kadence_starter_templates_imported_post":false,"_kad_post_transparent":"disable","_kad_post_title":"show","_kad_post_layout":"","_kad_post_sidebar_id":"","_kad_post_content_style":"","_kad_post_vertical_padding":"hide","_kad_post_feature":"","_kad_post_feature_position":"","_kad_post_header":false,"_kad_post_footer":false,"_kad_post_classname":"","_metis_text_type":"standard","_metis_text_length":6209,"_post_count":0,"footnotes":""},"class_list":["post-1104","page","type-page","status-publish","hentry"],"public_identification_id":"e33872d4f54b4a3cb722967d2e8eff38","private_identification_id":"0a201f9b314f4f02a0d718a1a847fdd0","_links":{"self":[{"href":"https:\/\/www.atobguides.com\/es\/wp-json\/wp\/v2\/pages\/1104","targetHints":{"allow":["GET"]}}],"collection":[{"href":"https:\/\/www.atobguides.com\/es\/wp-json\/wp\/v2\/pages"}],"about":[{"href":"https:\/\/www.atobguides.com\/es\/wp-json\/wp\/v2\/types\/page"}],"author":[{"embeddable":true,"href":"https:\/\/www.atobguides.com\/es\/wp-json\/wp\/v2\/users\/1"}],"replies":[{"embeddable":true,"href":"https:\/\/www.atobguides.com\/es\/wp-json\/wp\/v2\/comments?post=1104"}],"version-history":[{"count":7,"href":"https:\/\/www.atobguides.com\/es\/wp-json\/wp\/v2\/pages\/1104\/revisions"}],"predecessor-version":[{"id":3232,"href":"https:\/\/www.atobguides.com\/es\/wp-json\/wp\/v2\/pages\/1104\/revisions\/3232"}],"wp:attachment":[{"href":"https:\/\/www.atobguides.com\/es\/wp-json\/wp\/v2\/media?parent=1104"}],"curies":[{"name":"wp","href":"https:\/\/api.w.org\/{rel}","templated":true}]}}