{"id":271,"date":"2025-08-28T10:31:59","date_gmt":"2025-08-28T10:31:59","guid":{"rendered":"https:\/\/www.atobguides.com\/kontakt-zu-atobguides\/"},"modified":"2025-09-01T10:35:54","modified_gmt":"2025-09-01T10:35:54","slug":"kontakt-zu-atobguides","status":"publish","type":"page","link":"https:\/\/www.atobguides.com\/de\/kontakt-zu-atobguides\/","title":{"rendered":"Kontakt zu AtoBGuides"},"content":{"rendered":"\n<p>  Hast du Fragen dazu, wie du von A nach B kommst?<\/p>\n\n<p>Haben Sie ein Update entdeckt, das wir machen sollten?  <\/p>\n\n<p>Wir helfen Ihnen gerne.<\/p>\n\n<div id=\"ez-toc-container\" class=\"ez-toc-v2_0_82_2 counter-hierarchy ez-toc-counter ez-toc-grey ez-toc-container-direction\">\n<div class=\"ez-toc-title-container\">\n<p class=\"ez-toc-title\" style=\"cursor:inherit\">Inhaltsverzeichnis<\/p>\n<span class=\"ez-toc-title-toggle\"><a href=\"#\" class=\"ez-toc-pull-right ez-toc-btn ez-toc-btn-xs ez-toc-btn-default ez-toc-toggle\" aria-label=\"Toggle Table of Content\"><span class=\"ez-toc-js-icon-con\"><span class=\"\"><span class=\"eztoc-hide\" style=\"display:none;\">Toggle<\/span><span class=\"ez-toc-icon-toggle-span\"><svg style=\"fill: #999;color:#999\" xmlns=\"http:\/\/www.w3.org\/2000\/svg\" class=\"list-377408\" width=\"20px\" height=\"20px\" viewBox=\"0 0 24 24\" fill=\"none\"><path d=\"M6 6H4v2h2V6zm14 0H8v2h12V6zM4 11h2v2H4v-2zm16 0H8v2h12v-2zM4 16h2v2H4v-2zm16 0H8v2h12v-2z\" fill=\"currentColor\"><\/path><\/svg><svg style=\"fill: #999;color:#999\" class=\"arrow-unsorted-368013\" xmlns=\"http:\/\/www.w3.org\/2000\/svg\" width=\"10px\" height=\"10px\" viewBox=\"0 0 24 24\" version=\"1.2\" baseProfile=\"tiny\"><path d=\"M18.2 9.3l-6.2-6.3-6.2 6.3c-.2.2-.3.4-.3.7s.1.5.3.7c.2.2.4.3.7.3h11c.3 0 .5-.1.7-.3.2-.2.3-.5.3-.7s-.1-.5-.3-.7zM5.8 14.7l6.2 6.3 6.2-6.3c.2-.2.3-.5.3-.7s-.1-.5-.3-.7c-.2-.2-.4-.3-.7-.3h-11c-.3 0-.5.1-.7.3-.2.2-.3.5-.3.7s.1.5.3.7z\"\/><\/svg><\/span><\/span><\/span><\/a><\/span><\/div>\n<nav><ul class='ez-toc-list ez-toc-list-level-1 ' ><li class='ez-toc-page-1 ez-toc-heading-level-2'><a class=\"ez-toc-link ez-toc-heading-1\" href=\"https:\/\/www.atobguides.com\/de\/kontakt-zu-atobguides\/#Bevor_Sie_schreiben\" >Bevor Sie schreiben<\/a><\/li><li class='ez-toc-page-1 ez-toc-heading-level-2'><a class=\"ez-toc-link ez-toc-heading-2\" href=\"https:\/\/www.atobguides.com\/de\/kontakt-zu-atobguides\/#Schick_uns_eine_Nachricht\" >Schick uns eine Nachricht<\/a><\/li><li class='ez-toc-page-1 ez-toc-heading-level-2'><a class=\"ez-toc-link ez-toc-heading-3\" href=\"https:\/\/www.atobguides.com\/de\/kontakt-zu-atobguides\/#Eine_Route_anfordern\" >Eine Route anfordern<\/a><\/li><li class='ez-toc-page-1 ez-toc-heading-level-2'><a class=\"ez-toc-link ez-toc-heading-4\" href=\"https:\/\/www.atobguides.com\/de\/kontakt-zu-atobguides\/#Korrekturen_Aktualisierungen\" >Korrekturen &amp; Aktualisierungen<\/a><\/li><li class='ez-toc-page-1 ez-toc-heading-level-2'><a class=\"ez-toc-link ez-toc-heading-5\" href=\"https:\/\/www.atobguides.com\/de\/kontakt-zu-atobguides\/#Medien_Partnerschaften\" >Medien &amp; Partnerschaften<\/a><\/li><li class='ez-toc-page-1 ez-toc-heading-level-2'><a class=\"ez-toc-link ez-toc-heading-6\" href=\"https:\/\/www.atobguides.com\/de\/kontakt-zu-atobguides\/#Reaktionszeit\" >Reaktionszeit<\/a><\/li><li class='ez-toc-page-1 ez-toc-heading-level-2'><a class=\"ez-toc-link ez-toc-heading-7\" href=\"https:\/\/www.atobguides.com\/de\/kontakt-zu-atobguides\/#Haftungsausschluss_fuer_Buchungen\" >Haftungsausschluss f\u00fcr Buchungen<\/a><\/li><\/ul><\/nav><\/div>\n<h2 class=\"wp-block-heading\"><span class=\"ez-toc-section\" id=\"Bevor_Sie_schreiben\"><\/span>Bevor Sie schreiben<span class=\"ez-toc-section-end\"><\/span><\/h2>\n\n<ul class=\"wp-block-list\">\n<li><strong>Wir sind eine redaktionelle Website, kein Verkehrsunternehmen<\/strong>. Wir k\u00f6nnen nicht auf Buchungen zugreifen, Fahrkarten \u00e4ndern oder die aktuellen Fahrpl\u00e4ne best\u00e4tigen. Bei Fragen zu Fahrkarten wenden Sie sich bitte direkt an Ihr Verkehrsunternehmen.  <\/li>\n\n\n\n<li><strong>Preise und Zeiten \u00e4ndern sich.<\/strong>  Wir versehen unsere Schecks mit einem Zeitstempel. Wenn Sie neuere Informationen sehen, schicken Sie sie uns und wir werden sie schnell \u00fcberpr\u00fcfen.<\/li>\n\n\n\n<li><strong>Sie k\u00f6nnen keine Route finden?<\/strong>  Fordern Sie sie unten an, wir priorisieren die am h\u00e4ufigsten nachgefragten Routen.<\/li>\n<\/ul>\n\n<h2 class=\"wp-block-heading\"><span class=\"ez-toc-section\" id=\"Schick_uns_eine_Nachricht\"><\/span>Schick uns eine Nachricht<span class=\"ez-toc-section-end\"><\/span><\/h2>\n\n<p>Schreib uns eine E-Mail: support@atobguides.com<\/p>\n\n<p><em>Wir verwenden Ihre E-Mail nur zur Beantwortung. Siehe unsere <a href=\"https:\/\/www.atobguides.com\/de\/datenschutzrichtlinie-fuer-atobguides-com\/\">Datenschutzrichtlinie<\/a>. <\/em><\/p>\n\n<h2 class=\"wp-block-heading\"><span class=\"ez-toc-section\" id=\"Eine_Route_anfordern\"><\/span>Eine Route anfordern<span class=\"ez-toc-section-end\"><\/span><\/h2>\n\n<p>Nennen Sie uns Ihren Start- und Zielort, den Reisemonat und die bevorzugten Verkehrsmittel (Shuttle, Bus, Schiff, Flug, Privattransfer). Wir f\u00fcgen es in unsere Warteschlange ein und senden Ihnen eine E-Mail, sobald es verf\u00fcgbar ist. <\/p>\n\n<h2 class=\"wp-block-heading\"><span class=\"ez-toc-section\" id=\"Korrekturen_Aktualisierungen\"><\/span>Korrekturen &amp; Aktualisierungen<span class=\"ez-toc-section-end\"><\/span><\/h2>\n\n<p>Wenn Sie einen veralteten Tarif, Fahrplan, Abholpunkt oder Sicherheitshinweis entdecken, geben Sie dies bitte an:<\/p>\n\n<ul class=\"wp-block-list\">\n<li>Welche Anleitung (URL)<\/li>\n\n\n\n<li>Was muss aktualisiert werden (alt vs. neu)<\/li>\n\n\n\n<li>Quelle (Betreiberlink oder Foto)<\/li>\n<\/ul>\n\n<h2 class=\"wp-block-heading\"><span class=\"ez-toc-section\" id=\"Medien_Partnerschaften\"><\/span>Medien &amp; Partnerschaften<span class=\"ez-toc-section-end\"><\/span><\/h2>\n\n<p>F\u00fcr Presseanfragen, Datenzitate oder ethische Partnerschaften schicke eine E-Mail an support@atobguides.com. Gib dabei deine Quelle, den Termin und das Thema an. <\/p>\n\n<h2 class=\"wp-block-heading\"><span class=\"ez-toc-section\" id=\"Reaktionszeit\"><\/span>Reaktionszeit<span class=\"ez-toc-section-end\"><\/span><\/h2>\n\n<p>Wir antworten in der Regel innerhalb von 1-2 Werktagen. Zeitkritische Korrekturen werden vorrangig bearbeitet. <\/p>\n\n<h2 class=\"wp-block-heading\"><span class=\"ez-toc-section\" id=\"Haftungsausschluss_fuer_Buchungen\"><\/span>Haftungsausschluss f\u00fcr Buchungen<span class=\"ez-toc-section-end\"><\/span><\/h2>\n\n<p>AtoBGuides betreibt keine Shuttles, Busse, Boote oder Fl\u00fcge und kann Tickets nicht \u00e4ndern oder erstatten. \u00dcberpr\u00fcfe vor dem Kauf immer die Fahrpl\u00e4ne und Bedingungen auf der Website des Anbieters. <\/p>\n","protected":false},"excerpt":{"rendered":"<p>Hast du Fragen dazu, wie du von A nach B kommst? Haben Sie ein Update entdeckt, das wir machen sollten? Wir helfen Ihnen gerne. Bevor Sie schreiben Schick uns eine Nachricht Schreib uns eine E-Mail: support@atobguides.com Wir verwenden Ihre E-Mail nur zur Beantwortung. Siehe unsere Datenschutzrichtlinie. Eine Route anfordern Nennen Sie uns Ihren Start- und&#8230;<\/p>\n","protected":false},"author":1,"featured_media":0,"parent":0,"menu_order":0,"comment_status":"closed","ping_status":"closed","template":"","meta":{"_kadence_starter_templates_imported_post":false,"_kad_post_transparent":"disable","_kad_post_title":"show","_kad_post_layout":"default","_kad_post_sidebar_id":"","_kad_post_content_style":"unboxed","_kad_post_vertical_padding":"hide","_kad_post_feature":"","_kad_post_feature_position":"","_kad_post_header":false,"_kad_post_footer":false,"_kad_post_classname":"","_metis_text_type":"standard","_metis_text_length":1891,"_post_count":0,"footnotes":""},"class_list":["post-271","page","type-page","status-publish","hentry"],"_links":{"self":[{"href":"https:\/\/www.atobguides.com\/de\/wp-json\/wp\/v2\/pages\/271","targetHints":{"allow":["GET"]}}],"collection":[{"href":"https:\/\/www.atobguides.com\/de\/wp-json\/wp\/v2\/pages"}],"about":[{"href":"https:\/\/www.atobguides.com\/de\/wp-json\/wp\/v2\/types\/page"}],"author":[{"embeddable":true,"href":"https:\/\/www.atobguides.com\/de\/wp-json\/wp\/v2\/users\/1"}],"replies":[{"embeddable":true,"href":"https:\/\/www.atobguides.com\/de\/wp-json\/wp\/v2\/comments?post=271"}],"version-history":[{"count":2,"href":"https:\/\/www.atobguides.com\/de\/wp-json\/wp\/v2\/pages\/271\/revisions"}],"predecessor-version":[{"id":287,"href":"https:\/\/www.atobguides.com\/de\/wp-json\/wp\/v2\/pages\/271\/revisions\/287"}],"wp:attachment":[{"href":"https:\/\/www.atobguides.com\/de\/wp-json\/wp\/v2\/media?parent=271"}],"curies":[{"name":"wp","href":"https:\/\/api.w.org\/{rel}","templated":true}]}}