{"id":268,"date":"2025-08-27T16:38:47","date_gmt":"2025-08-27T16:38:47","guid":{"rendered":"https:\/\/www.atobguides.com\/affiliate-haftungsausschluss\/"},"modified":"2025-09-01T10:35:49","modified_gmt":"2025-09-01T10:35:49","slug":"affiliate-haftungsausschluss","status":"publish","type":"page","link":"https:\/\/www.atobguides.com\/de\/affiliate-haftungsausschluss\/","title":{"rendered":"Affiliate Haftungsausschluss"},"content":{"rendered":"\n<p>Bestimmte Produkte\/Dienstleistungen und Links zu Produkten\/Dienstleistungen sind Affiliate-Links, an denen ich m\u00f6glicherweise eine Provision verdiene, wenn du etwas kaufst. Gelegentlich werde ich daf\u00fcr entsch\u00e4digt, dass ich meine ehrliche Meinung zu Produkten und\/oder Dienstleistungen \u00e4u\u00dfere. F\u00fcr dich entstehen dadurch keine zus\u00e4tzlichen Kosten.  <\/p>\n\n<p>Ich erw\u00e4hne diese Produkte und Dienstleistungen, weil ich an sie glaube und dir helfen m\u00f6chte, dein Leben zu verbessern. Ich empfehle nur Produkte oder Dienstleistungen, von denen ich glaube, dass sie dir einen Nutzen bringen. Universal Traveller ist ein gewinnorientiertes Unternehmen, was bedeutet, dass ich mit dieser Website ein Einkommen erziele.<\/p>\n\n<p>Um es f\u00fcr uns beide einfach zu machen, solltest du davon ausgehen, dass alle Links, die dich zu Produkten oder Dienstleistungen f\u00fchren, Affiliate-Links sind und dass ich eine Provision f\u00fcr deinen Kauf erhalte.<\/p>\n\n<p>Es werden alle Anstrengungen unternommen, um sicherzustellen, dass die Affiliate-Links in \u00dcbereinstimmung mit der FTC offengelegt werden.<\/p>\n\n<p>Als Amazon Associate verdiene ich an qualifizierten Eink\u00e4ufen.<\/p>\n\n<p>Dieser Blog akzeptiert Formen von Geldwerbung, Sponsoring, bezahlte Einblendungen oder andere Formen der Verg\u00fctung.<\/p>\n\n<p>Dieser Blog h\u00e4lt sich an die Standards des Mundpropaganda-Marketings. Wir glauben an Ehrlichkeit in Beziehungen, Meinungen und Identit\u00e4ten. Die erhaltene Verg\u00fctung kann die Werbeinhalte, Themen oder Beitr\u00e4ge in diesem Blog beeinflussen. Dieser Inhalt, diese Werbefl\u00e4che oder dieser Beitrag wird eindeutig als bezahlter oder gesponserter Inhalt gekennzeichnet.<\/p>\n\n<p>Der\/die Eigent\u00fcmer dieses Blogs werden daf\u00fcr entlohnt, dass sie Meinungen zu Produkten, Dienstleistungen, Websites und verschiedenen anderen Themen abgeben. Auch wenn der\/die Inhaber dieses Blogs eine Verg\u00fctung f\u00fcr unsere Beitr\u00e4ge oder Werbung erhalten, geben wir immer unsere ehrlichen Meinungen, Erkenntnisse, \u00dcberzeugungen oder Erfahrungen zu diesen Themen oder Produkten wieder. Die in diesem Blog ge\u00e4u\u00dferten Ansichten und Meinungen sind ausschlie\u00dflich die der Blogger. Jede Produktbehauptung, Statistik, jedes Zitat oder jede andere Darstellung \u00fcber ein Produkt oder eine Dienstleistung sollte beim Hersteller, Anbieter oder der betreffenden Partei \u00fcberpr\u00fcft werden.   <\/p>\n\n<p><a href=\"https:\/\/www.atobguides.com\/de\/datenschutzrichtlinie-fuer-atobguides-com\/\" data-type=\"page\" data-id=\"3\">Datenschutzrichtlinie<\/a><\/p>\n\n<div id=\"mediavine-settings\" data-blocklist-content-desktop=\"1\" data-blocklist-content-mobile=\"1\"> <\/div>\n\n<p><\/p>\n","protected":false},"excerpt":{"rendered":"<p>Bestimmte Produkte\/Dienstleistungen und Links zu Produkten\/Dienstleistungen sind Affiliate-Links, an denen ich m\u00f6glicherweise eine Provision verdiene, wenn du etwas kaufst. Gelegentlich werde ich daf\u00fcr entsch\u00e4digt, dass ich meine ehrliche Meinung zu Produkten und\/oder Dienstleistungen \u00e4u\u00dfere. F\u00fcr dich entstehen dadurch keine zus\u00e4tzlichen Kosten. Ich erw\u00e4hne diese Produkte und Dienstleistungen, weil ich an sie glaube und dir helfen&#8230;<\/p>\n","protected":false},"author":1,"featured_media":0,"parent":0,"menu_order":0,"comment_status":"closed","ping_status":"closed","template":"","meta":{"_kadence_starter_templates_imported_post":false,"_kad_post_transparent":"disable","_kad_post_title":"show","_kad_post_layout":"","_kad_post_sidebar_id":"","_kad_post_content_style":"unboxed","_kad_post_vertical_padding":"hide","_kad_post_feature":"","_kad_post_feature_position":"","_kad_post_header":false,"_kad_post_footer":false,"_kad_post_classname":"","_metis_text_type":"standard","_metis_text_length":2280,"_post_count":0,"footnotes":""},"class_list":["post-268","page","type-page","status-publish","hentry"],"_links":{"self":[{"href":"https:\/\/www.atobguides.com\/de\/wp-json\/wp\/v2\/pages\/268","targetHints":{"allow":["GET"]}}],"collection":[{"href":"https:\/\/www.atobguides.com\/de\/wp-json\/wp\/v2\/pages"}],"about":[{"href":"https:\/\/www.atobguides.com\/de\/wp-json\/wp\/v2\/types\/page"}],"author":[{"embeddable":true,"href":"https:\/\/www.atobguides.com\/de\/wp-json\/wp\/v2\/users\/1"}],"replies":[{"embeddable":true,"href":"https:\/\/www.atobguides.com\/de\/wp-json\/wp\/v2\/comments?post=268"}],"version-history":[{"count":2,"href":"https:\/\/www.atobguides.com\/de\/wp-json\/wp\/v2\/pages\/268\/revisions"}],"predecessor-version":[{"id":286,"href":"https:\/\/www.atobguides.com\/de\/wp-json\/wp\/v2\/pages\/268\/revisions\/286"}],"wp:attachment":[{"href":"https:\/\/www.atobguides.com\/de\/wp-json\/wp\/v2\/media?parent=268"}],"curies":[{"name":"wp","href":"https:\/\/api.w.org\/{rel}","templated":true}]}}