{"id":266,"date":"2025-08-27T14:08:09","date_gmt":"2025-08-27T14:08:09","guid":{"rendered":"https:\/\/www.atobguides.com\/ueber-atobguides\/"},"modified":"2026-03-30T02:49:56","modified_gmt":"2026-03-30T02:49:56","slug":"about","status":"publish","type":"page","link":"https:\/\/www.atobguides.com\/de\/about\/","title":{"rendered":"Dein zuverl\u00e4ssiger Reisef\u00fchrer f\u00fcr den Transport in ganz Amerika und dar\u00fcber hinaus"},"content":{"rendered":"\n<p>AtoBGuides ist deine umfassende Informationsquelle f\u00fcr Verkehrsverbindungen zwischen beliebten Reisezielen. Wir helfen Reisenden, sich in Mexiko, Mittelamerika, Thailand, den Vereinigten Arabischen Emiraten, Europa und dar\u00fcber hinaus zurechtzufinden - mit detaillierten Routenf\u00fchrern, echten Fahrpl\u00e4nen, ehrlichen Preisen und direkten Buchungsm\u00f6glichkeiten. <\/p>\n\n\n\n<p>Seit der Gr\u00fcndung im Jahr 2022 hat unser Team von Verkehrsforschungsspezialisten \u00fcber 90 ausf\u00fchrliche Routenf\u00fchrer f\u00fcr 6 Regionen und 5 Verkehrstr\u00e4ger ver\u00f6ffentlicht. Jeder Reisef\u00fchrer wird unabh\u00e4ngig recherchiert, regelm\u00e4\u00dfig aktualisiert und von Branchenexperten gepr\u00fcft. <\/p>\n\n\n\n<hr class=\"wp-block-separator has-alpha-channel-opacity\"\/>\n\n\n\n<div class=\"wp-block-columns is-layout-flex wp-container-core-columns-is-layout-a0017d07 wp-block-columns-is-layout-flex\">\n<div class=\"wp-block-column is-layout-flow wp-block-column-is-layout-flow\" style=\"padding-top:20px;padding-bottom:20px\">\n<p class=\"has-text-align-center has-text-color\" style=\"color:#2563eb;font-size:36px;font-weight:700\"><p class=\"has-text-align-center\" style=\"color:#2563eb;font-size:36px;font-weight:700\">90+<\/p><\/p>\n\n\n\n<p class=\"has-text-align-center\" style=\"font-size:14px\">Routenf\u00fchrer<\/p>\n<\/div>\n\n\n\n<div class=\"wp-block-column is-layout-flow wp-block-column-is-layout-flow\" style=\"padding-top:20px;padding-bottom:20px\">\n<p class=\"has-text-align-center has-text-color\" style=\"color:#2563eb;font-size:36px;font-weight:700\"><p class=\"has-text-align-center\" style=\"color:#2563eb;font-size:36px;font-weight:700\">6<\/p><\/p>\n\n\n\n<p class=\"has-text-align-center\" style=\"font-size:14px\">Abgedeckte Regionen<\/p>\n<\/div>\n\n\n\n<div class=\"wp-block-column is-layout-flow wp-block-column-is-layout-flow\" style=\"padding-top:20px;padding-bottom:20px\">\n<p class=\"has-text-align-center has-text-color\" style=\"color:#2563eb;font-size:36px;font-weight:700\"><p class=\"has-text-align-center\" style=\"color:#2563eb;font-size:36px;font-weight:700\">5<\/p><\/p>\n\n\n\n<p class=\"has-text-align-center\" style=\"font-size:14px\">Transport-Modi<\/p>\n<\/div>\n\n\n\n<div class=\"wp-block-column is-layout-flow wp-block-column-is-layout-flow\" style=\"padding-top:20px;padding-bottom:20px\">\n<p class=\"has-text-align-center has-text-color\" style=\"color:#2563eb;font-size:36px;font-weight:700\"><p class=\"has-text-align-center\" style=\"color:#2563eb;font-size:36px;font-weight:700\">2022<\/p><\/p>\n\n\n\n<p class=\"has-text-align-center\" style=\"font-size:14px\">Gegr\u00fcndet<\/p>\n<\/div>\n<\/div>\n\n\n\n<hr class=\"wp-block-separator has-alpha-channel-opacity\"\/>\n\n\n\n<h2 class=\"wp-block-heading\">Unsere Mission<\/h2>\n\n\n\n<p>In fremden L\u00e4ndern von A nach B zu kommen, kann stressig sein. Lokale Transportsysteme sind oft verwirrend, Informationen sind in Foren und veralteten Blogbeitr\u00e4gen verstreut und die Preise variieren stark zwischen den Anbietern. AtoBGuides wurde gegr\u00fcndet, um dieses Problem zu l\u00f6sen.  <\/p>\n\n\n\n<p>Wir glauben, dass jeder Reisende Zugang zu klaren, genauen und aktuellen Verkehrsinformationen verdient - unabh\u00e4ngig von seinem Budget oder seiner Erfahrung. Unsere Reisef\u00fchrer sollen dir helfen, sichere Reiseentscheidungen zu treffen, indem sie alle verf\u00fcgbaren Optionen miteinander vergleichen. <\/p>\n\n\n\n<h2 class=\"wp-block-heading\">Was jeder Leitfaden enth\u00e4lt<\/h2>\n\n\n\n<div class=\"wp-block-columns is-layout-flex wp-container-core-columns-is-layout-9d6595d7 wp-block-columns-is-layout-flex\">\n<div class=\"wp-block-column is-layout-flow wp-block-column-is-layout-flow\">\n<p style=\"font-weight:700\">\ud83d\ude8c Details zur Route<\/p>\n\n\n\n<p style=\"font-size:14px\">Schritt-f\u00fcr-Schritt-Anweisungen f\u00fcr jede Transportoption, einschlie\u00dflich Terminals, Abfahrtsorte und Umsteigeinformationen.<\/p>\n<\/div>\n\n\n\n<div class=\"wp-block-column is-layout-flow wp-block-column-is-layout-flow\">\n<p style=\"font-weight:700\">\ud83d\udcb0 Aktuelle Preisgestaltung<\/p>\n\n\n\n<p style=\"font-size:14px\">Regelm\u00e4\u00dfig aktualisierte Preise f\u00fcr Busse, Shuttles, F\u00e4hren und private Transfers, damit du dein Budget genau planen kannst.<\/p>\n<\/div>\n\n\n\n<div class=\"wp-block-column is-layout-flow wp-block-column-is-layout-flow\">\n<p style=\"font-weight:700\">\ud83d\udd50 Zeitplan-Tabellen<\/p>\n\n\n\n<p style=\"font-size:14px\">Abfahrtszeiten, Reisedauer und H\u00e4ufigkeit f\u00fcr jeden Anbieter - in \u00fcbersichtlichen Vergleichstabellen.<\/p>\n<\/div>\n<\/div>\n\n\n\n<div class=\"wp-block-columns is-layout-flex wp-container-core-columns-is-layout-9d6595d7 wp-block-columns-is-layout-flex\">\n<div class=\"wp-block-column is-layout-flow wp-block-column-is-layout-flow\">\n<p style=\"font-weight:700\">\ud83d\udd17 Direkt buchen<\/p>\n\n\n\n<p style=\"font-size:14px\">Links zu vertrauensw\u00fcrdigen Buchungsplattformen, auf denen du Tickets im Voraus reservieren und dir die besten verf\u00fcgbaren Preise sichern kannst.<\/p>\n<\/div>\n\n\n\n<div class=\"wp-block-column is-layout-flow wp-block-column-is-layout-flow\">\n<p style=\"font-weight:700\">\ud83d\udee1\ufe0f Sicherheitsinformationen<\/p>\n\n\n\n<p style=\"font-size:14px\">Praktische Sicherheitshinweise, Gep\u00e4cktipps und Reisewarnungen f\u00fcr die jeweilige Route und Region.<\/p>\n<\/div>\n\n\n\n<div class=\"wp-block-column is-layout-flow wp-block-column-is-layout-flow\">\n<p style=\"font-weight:700\">\ud83d\udccb Expertenbericht<\/p>\n\n\n\n<p style=\"font-size:14px\">Jeder Leitfaden wird von einem Experten der Transportbranche gepr\u00fcft, um Genauigkeit, Vollst\u00e4ndigkeit und Zuverl\u00e4ssigkeit zu gew\u00e4hrleisten.<\/p>\n<\/div>\n<\/div>\n\n\n\n<hr class=\"wp-block-separator has-alpha-channel-opacity\"\/>\n\n\n\n<h2 class=\"wp-block-heading\">Redaktionelle Standards<\/h2>\n\n\n\n<div class=\"wp-block-columns is-layout-flex wp-container-core-columns-is-layout-9d6595d7 wp-block-columns-is-layout-flex\">\n<div class=\"wp-block-column is-layout-flow wp-block-column-is-layout-flow\">\n<h3 class=\"wp-block-heading\" style=\"font-size:18px\">Forschungsmethodik<\/h3>\n\n\n\n<p style=\"font-size:15px\">Am Anfang eines jeden Reisef\u00fchrers steht eine gr\u00fcndliche Recherche: Wir setzen uns mit den lokalen Anbietern in Verbindung, \u00fcberpr\u00fcfen die Fahrpl\u00e4ne direkt bei den Busunternehmen und F\u00e4hren, vergleichen die Preise auf verschiedenen Buchungsplattformen und konsultieren die \u00f6rtlichen Tourismusverb\u00e4nde. Wir nutzen das Vor-Ort-Wissen unserer Teammitglieder, die diese Routen aus erster Hand bereist haben. <\/p>\n<\/div>\n\n\n\n<div class=\"wp-block-column is-layout-flow wp-block-column-is-layout-flow\">\n<h3 class=\"wp-block-heading\" style=\"font-size:18px\">H\u00e4ufigkeit der Aktualisierung<\/h3>\n\n\n\n<p style=\"font-size:15px\">Transportrouten \u00e4ndern sich h\u00e4ufig - die Preise schwanken, neue Dienste werden eingef\u00fchrt und die Fahrpl\u00e4ne werden saisonal angepasst. Wir \u00fcberpr\u00fcfen und aktualisieren unsere beliebtesten Reisef\u00fchrer viertelj\u00e4hrlich, und alle Reisef\u00fchrer werden mindestens zweimal im Jahr \u00fcberpr\u00fcft. Jeder Artikel zeigt das Datum an, an dem er zuletzt aktualisiert wurde, damit du immer wei\u00dft, wie aktuell die Informationen sind.  <\/p>\n<\/div>\n<\/div>\n\n\n\n<hr class=\"wp-block-separator has-alpha-channel-opacity\"\/>\n\n\n\n<h2 class=\"wp-block-heading\">Wie wir Geld verdienen<\/h2>\n\n\n\n<p>Transparenz ist uns wichtig. AtoBGuides erwirtschaftet Einnahmen durch Partnerschaften mit vertrauensw\u00fcrdigen Buchungsplattformen. Wenn du \u00fcber unsere Links eine Reise buchst, erhalten wir m\u00f6glicherweise eine kleine Provision, ohne dass dir dadurch zus\u00e4tzliche Kosten entstehen. Das hilft uns, die Seite am Laufen zu halten und weiterhin kostenlose, detaillierte Reisef\u00fchrer zu ver\u00f6ffentlichen.   <\/p>\n\n\n\n<p>Wichtig ist, dass unsere Empfehlungen nicht durch Partnerschaften beeinflusst werden. Wir stellen alle verf\u00fcgbaren Optionen vor - auch die, an denen wir nicht verdienen - damit du die beste Wahl f\u00fcr deine Reise treffen kannst. Unsere redaktionellen Inhalte sind immer unabh\u00e4ngig von unseren Gesch\u00e4ftsbeziehungen.  <\/p>\n\n\n\n<hr class=\"wp-block-separator has-alpha-channel-opacity\"\/>\n\n\n\n<h2 class=\"wp-block-heading\">Treffen Sie das Team<\/h2>\n\n\n\n<div class=\"wp-block-columns is-layout-flex wp-container-core-columns-is-layout-a0017d07 wp-block-columns-is-layout-flex\">\n<div class=\"wp-block-column is-layout-flow wp-block-column-is-layout-flow\">\n<figure class=\"wp-block-image aligncenter is-resized\" style=\"border-radius:100%\"><img decoding=\"async\" src=\"https:\/\/www.atobguides.com\/wp-content\/uploads\/2025\/12\/Tim-Kroeger-founder-of-Universal-Traveller-is-a-Luxury-Travel-Specialist-who-helps-luxury-hotels-grow-their-visibility-and-attract-premium-travelers.-He-shares-insights-into-hospitality-and-digi-1.png\" alt=\"Tim Kr&#xF6;ger\" style=\"border-radius:100%;width:150px;height:150px;object-fit:cover\"\/><\/figure>\n\n\n\n<h3 class=\"wp-block-heading has-text-align-center\" style=\"font-size:20px\">Tim Kr\u00f6ger<\/h3>\n\n\n\n<p class=\"has-text-align-center has-text-color\" style=\"color:#6b7280;font-size:14px\"><p class=\"has-text-align-center\" style=\"color:#6b7280;font-size:14px\"><em>Gr\u00fcnder &amp; Spezialist f\u00fcr Reiselogistik<\/em><\/p><\/p>\n\n\n\n<p class=\"has-text-align-center\" style=\"font-size:14px\">Tim gr\u00fcndete AtoBGuides, um ein Problem zu l\u00f6sen, das ihm auf seinen Reisen immer wieder begegnete: zuverl\u00e4ssige Verkehrsinformationen zu finden. Mit seiner Erfahrung in \u00fcber 50 L\u00e4ndern hat er sich darauf spezialisiert, die effizientesten und g\u00fcnstigsten Transportm\u00f6glichkeiten f\u00fcr Reisende zu finden. <\/p>\n<\/div>\n\n\n\n<div class=\"wp-block-column is-layout-flow wp-block-column-is-layout-flow\">\n<figure class=\"wp-block-image aligncenter is-resized\" style=\"border-radius:100%\"><img decoding=\"async\" src=\"https:\/\/www.atobguides.com\/wp-content\/uploads\/2025\/08\/Jean-Najera-Travel-Expert-specializing-in-transportation-Universal-Traveller-1.png\" alt=\"Jean N&#xE1;jera\" style=\"border-radius:100%;width:150px;height:150px;object-fit:cover\"\/><\/figure>\n\n\n\n<h3 class=\"wp-block-heading has-text-align-center\" style=\"font-size:20px\">Jean N\u00e1jera<\/h3>\n\n\n\n<p class=\"has-text-align-center has-text-color\" style=\"color:#6b7280;font-size:14px\"><p class=\"has-text-align-center\" style=\"color:#6b7280;font-size:14px\"><em>Experte und Gutachter f\u00fcr die Transportbranche<\/em><\/p><\/p>\n\n\n\n<p class=\"has-text-align-center\" style=\"font-size:14px\">Jean kennt sich bestens mit den Verkehrsnetzen in Mexiko und Mittelamerika aus. Als unser leitender Pr\u00fcfer \u00fcberpr\u00fcft er jeden Routenf\u00fchrer auf seine Richtigkeit und stellt sicher, dass Fahrpl\u00e4ne, Preise und Betreiberdetails vor der Ver\u00f6ffentlichung korrekt sind. Sein Wissen \u00fcber Busunternehmen wie ADO, ETN und Primera Plus vor Ort ist von unsch\u00e4tzbarem Wert.  <\/p>\n<\/div>\n\n\n\n<div class=\"wp-block-column is-layout-flow wp-block-column-is-layout-flow\">\n<figure class=\"wp-block-image aligncenter is-resized\" style=\"border-radius:100%\"><img decoding=\"async\" src=\"https:\/\/www.atobguides.com\/wp-content\/uploads\/2025\/08\/AnaMarija-Mishachkovska.jpeg\" alt=\"AnaMarija Mishachkovska\" style=\"border-radius:100%;width:150px;height:150px;object-fit:cover\"\/><\/figure>\n\n\n\n<h3 class=\"wp-block-heading has-text-align-center\" style=\"font-size:20px\">AnaMarija Mishachkovska<\/h3>\n\n\n\n<p class=\"has-text-align-center has-text-color\" style=\"color:#6b7280;font-size:14px\"><p class=\"has-text-align-center\" style=\"color:#6b7280;font-size:14px\"><em>Analyst f\u00fcr Routenplanung<\/em><\/p><\/p>\n\n\n\n<p class=\"has-text-align-center\" style=\"font-size:14px\">AnaMarija ist unsere detailorientierte Routenforscherin, die Fahrplandaten, Preisinformationen und Betreiberdetails f\u00fcr jeden Reisef\u00fchrer zusammenstellt und \u00fcberpr\u00fcft. Sie ist spezialisiert auf europ\u00e4ische und s\u00fcdostasiatische Verkehrssysteme und kennt sich besonders gut mit grenz\u00fcberschreitenden Bus- und Bahnverbindungen aus. <\/p>\n<\/div>\n<\/div>\n\n\n\n<hr class=\"wp-block-separator has-alpha-channel-opacity\"\/>\n\n\n\n<h2 class=\"wp-block-heading\">Regionen, die wir abdecken<\/h2>\n\n\n\n<div class=\"wp-block-columns is-layout-flex wp-container-core-columns-is-layout-9d6595d7 wp-block-columns-is-layout-flex\">\n<div class=\"wp-block-column is-layout-flow wp-block-column-is-layout-flow\">\n<p style=\"font-weight:700\">\ud83c\uddf2\ud83c\uddfd Mexiko<\/p>\n\n\n\n<p style=\"font-size:14px\">Cancun, Playa del Carmen, Tulum, Merida, Oaxaca und mehr. Mit ADO-Bussen, Colectivos, Shuttles und F\u00e4hren. <\/p>\n<\/div>\n\n\n\n<div class=\"wp-block-column is-layout-flow wp-block-column-is-layout-flow\">\n<p style=\"font-weight:700\">\ud83c\uddea\ud83c\uddfa Europa<\/p>\n\n\n\n<p style=\"font-size:14px\">Paris, Amsterdam und wichtige europ\u00e4ische Verbindungen mit Z\u00fcgen, Bussen und Billigfluglinien.<\/p>\n<\/div>\n\n\n\n<div class=\"wp-block-column is-layout-flow wp-block-column-is-layout-flow\">\n<p style=\"font-weight:700\">\ud83c\uddf9\ud83c\udded Thailand<\/p>\n\n\n\n<p style=\"font-size:14px\">Bangkok, Phuket, Koh Samui und Inselverbindungen mit Bussen, Z\u00fcgen, F\u00e4hren und Fl\u00fcgen.<\/p>\n<\/div>\n<\/div>\n\n\n\n<div class=\"wp-block-columns is-layout-flex wp-container-core-columns-is-layout-9d6595d7 wp-block-columns-is-layout-flex\">\n<div class=\"wp-block-column is-layout-flow wp-block-column-is-layout-flow\">\n<p style=\"font-weight:700\">\ud83c\udde6\ud83c\uddea Vereinigte Arabische Emirate<\/p>\n\n\n\n<p style=\"font-size:14px\">Verbindungen nach Dubai, Abu Dhabi und Sharjah mit der U-Bahn, Bussen und Taxis.<\/p>\n<\/div>\n\n\n\n<div class=\"wp-block-column is-layout-flow wp-block-column-is-layout-flow\">\n<p style=\"font-weight:700\">\ud83c\udde7\ud83c\uddff Mittelamerika<\/p>\n\n\n\n<p style=\"font-size:14px\">Belize, Guatemala, und grenz\u00fcberschreitende Verbindungen durch die Region.<\/p>\n<\/div>\n\n\n\n<div class=\"wp-block-column is-layout-flow wp-block-column-is-layout-flow\">\n<p style=\"font-weight:700\">\ud83c\uddf3\ud83c\uddff Neuseeland &amp; Mehr<\/p>\n\n\n\n<p style=\"font-size:14px\">Reisef\u00fchrer, Reisef\u00fchrer f\u00fcr beliebte Reiseziele weltweit.<\/p>\n<\/div>\n<\/div>\n\n\n\n<hr class=\"wp-block-separator has-alpha-channel-opacity\"\/>\n\n\n\n<h2 class=\"wp-block-heading\">Kontakt aufnehmen<\/h2>\n\n\n\n<p>Du hast eine Frage zu einer Route? Du hast veraltete Informationen in einem unserer Reisef\u00fchrer gefunden? Wir wollen von dir h\u00f6ren. Melde dich \u00fcber unsere <a href=\"https:\/\/www.atobguides.com\/de\/kontakt-zu-atobguides\/\">Kontaktseite<\/a> und wir melden uns so schnell wie m\u00f6glich bei dir.   <\/p>\n\n\n\n<p>Wenn du ein Verkehrsunternehmen bist und deinen Eintrag aktualisieren oder uns aktuelle Fahrpl\u00e4ne zur Verf\u00fcgung stellen m\u00f6chtest, z\u00f6gere bitte nicht, uns zu kontaktieren. Genaue Informationen kommen allen zugute. <\/p>\n","protected":false},"excerpt":{"rendered":"<p>AtoBGuides ist deine umfassende Informationsquelle f\u00fcr Verkehrsverbindungen zwischen beliebten Reisezielen. Wir helfen Reisenden, sich in Mexiko, Mittelamerika, Thailand, den Vereinigten Arabischen Emiraten, Europa und dar\u00fcber hinaus zurechtzufinden - mit detaillierten Routenf\u00fchrern, echten Fahrpl\u00e4nen, ehrlichen Preisen und direkten Buchungsm\u00f6glichkeiten. Seit der Gr\u00fcndung im Jahr 2022 hat unser Team von Verkehrsforschungsspezialisten \u00fcber 90 ausf\u00fchrliche Routenf\u00fchrer f\u00fcr 6&#8230;<\/p>\n","protected":false},"author":1,"featured_media":0,"parent":0,"menu_order":0,"comment_status":"closed","ping_status":"closed","template":"","meta":{"_kadence_starter_templates_imported_post":false,"_kad_post_transparent":"disable","_kad_post_title":"show","_kad_post_layout":"","_kad_post_sidebar_id":"","_kad_post_content_style":"unboxed","_kad_post_vertical_padding":"hide","_kad_post_feature":"","_kad_post_feature_position":"","_kad_post_header":false,"_kad_post_footer":false,"_kad_post_classname":"","_metis_text_type":"standard","_metis_text_length":6112,"_post_count":0,"footnotes":""},"class_list":["post-266","page","type-page","status-publish","hentry"],"public_identification_id":"dc38d27f93964c3db6339a6207e0a7e7","private_identification_id":"f2f79e1549924ba3b79771ead77ca0c8","_links":{"self":[{"href":"https:\/\/www.atobguides.com\/de\/wp-json\/wp\/v2\/pages\/266","targetHints":{"allow":["GET"]}}],"collection":[{"href":"https:\/\/www.atobguides.com\/de\/wp-json\/wp\/v2\/pages"}],"about":[{"href":"https:\/\/www.atobguides.com\/de\/wp-json\/wp\/v2\/types\/page"}],"author":[{"embeddable":true,"href":"https:\/\/www.atobguides.com\/de\/wp-json\/wp\/v2\/users\/1"}],"replies":[{"embeddable":true,"href":"https:\/\/www.atobguides.com\/de\/wp-json\/wp\/v2\/comments?post=266"}],"version-history":[{"count":4,"href":"https:\/\/www.atobguides.com\/de\/wp-json\/wp\/v2\/pages\/266\/revisions"}],"predecessor-version":[{"id":3230,"href":"https:\/\/www.atobguides.com\/de\/wp-json\/wp\/v2\/pages\/266\/revisions\/3230"}],"wp:attachment":[{"href":"https:\/\/www.atobguides.com\/de\/wp-json\/wp\/v2\/media?parent=266"}],"curies":[{"name":"wp","href":"https:\/\/api.w.org\/{rel}","templated":true}]}}